{"id":655,"date":"2014-11-28T15:46:49","date_gmt":"2014-11-28T13:46:49","guid":{"rendered":"http:\/\/www.itukylat.fi\/kopbacka\/?page_id=655"},"modified":"2026-02-07T18:06:34","modified_gmt":"2026-02-07T16:06:34","slug":"tapahtumat-2","status":"publish","type":"page","link":"https:\/\/www.kopbacka.fi\/fi\/tapahtumat-2\/","title":{"rendered":"Tapahtumat"},"content":{"rendered":"<pre>15.2.  su Laskiaistapahtuma klo 12-14 pulkkam\u00e4ess\u00e4 Harjunlaella ja \r\n          klo 13-15 hernekeittoa Sm\u00e5skolalla \r\n7.3.   la Voi hyvin -p\u00e4iv\u00e4 klo 12 - 15 \r\n21.3.  la Virkistysmatka Fazer Experience Vierailukeskukseen Vantaalle \r\n29.3.  su P\u00e4\u00e4si\u00e4ismyyj\u00e4iset klo 14-16 \r\n19.4.  su Kev\u00e4tkokous klo 17 \r\n7.5.   to Sm\u00e5skolan piha-alueen kev\u00e4tsiivous ja \r\n          roskien ker\u00e4\u00e4minen kyl\u00e4teiden varsilta klo 17 alkaen \r\n11.6.  to Rantaongintakilpailu klo 18 alkaen Patunan rannassa \r\n6.8.   to Yhteislauluilta klo 18-20 \r\n11.10. su Syysmarkkinat klo 14-16 \r\n25.10. su Syyskokous klo 17-19 \r\n28.11. la Joulujuhla klo 17 \r\n19.12. la Joulumyyj\u00e4iset klo 15-17\r\n<\/pre>\n","protected":false},"excerpt":{"rendered":"<p>15.2. su Laskiaistapahtuma klo 12-14 pulkkam\u00e4ess\u00e4 Harjunlaella ja klo 13-15 hernekeittoa Sm\u00e5skolalla 7.3. la Voi hyvin -p\u00e4iv\u00e4 klo 12 &#8211; 15 21.3. la Virkistysmatka Fazer Experience Vierailukeskukseen Vantaalle 29.3. su P\u00e4\u00e4si\u00e4ismyyj\u00e4iset klo 14-16 19.4. su Kev\u00e4tkokous klo 17 7.5. to Sm\u00e5skolan piha-alueen kev\u00e4tsiivous ja roskien ker\u00e4\u00e4minen kyl\u00e4teiden varsilta klo 17 alkaen 11.6. to Rantaongintakilpailu klo [&hellip;]<\/p>\n","protected":false},"author":11,"featured_media":0,"parent":0,"menu_order":0,"comment_status":"closed","ping_status":"closed","template":"","meta":{"footnotes":""},"class_list":["post-655","page","type-page","status-publish","hentry"],"_links":{"self":[{"href":"https:\/\/www.kopbacka.fi\/fi\/wp-json\/wp\/v2\/pages\/655","targetHints":{"allow":["GET"]}}],"collection":[{"href":"https:\/\/www.kopbacka.fi\/fi\/wp-json\/wp\/v2\/pages"}],"about":[{"href":"https:\/\/www.kopbacka.fi\/fi\/wp-json\/wp\/v2\/types\/page"}],"author":[{"embeddable":true,"href":"https:\/\/www.kopbacka.fi\/fi\/wp-json\/wp\/v2\/users\/11"}],"replies":[{"embeddable":true,"href":"https:\/\/www.kopbacka.fi\/fi\/wp-json\/wp\/v2\/comments?post=655"}],"version-history":[{"count":8,"href":"https:\/\/www.kopbacka.fi\/fi\/wp-json\/wp\/v2\/pages\/655\/revisions"}],"predecessor-version":[{"id":3008,"href":"https:\/\/www.kopbacka.fi\/fi\/wp-json\/wp\/v2\/pages\/655\/revisions\/3008"}],"wp:attachment":[{"href":"https:\/\/www.kopbacka.fi\/fi\/wp-json\/wp\/v2\/media?parent=655"}],"curies":[{"name":"wp","href":"https:\/\/api.w.org\/{rel}","templated":true}]}}