{"id":359,"date":"2014-10-15T09:10:50","date_gmt":"2014-10-15T06:10:50","guid":{"rendered":"http:\/\/www.itukylat.fi\/kopbacka\/?page_id=359"},"modified":"2021-02-04T18:23:44","modified_gmt":"2021-02-04T16:23:44","slug":"kylasuunnitelma-2005-2010","status":"publish","type":"page","link":"https:\/\/www.kopbacka.fi\/fi\/kylasuunnitelma\/kylasuunnitelma-2005-2010\/","title":{"rendered":"Kyl\u00e4suunnitelma 2005-2010"},"content":{"rendered":"<p>Kyl\u00e4suunnitelma vuosille 2005-2010 on valmistunut. Se on jaettu kaikkiin kyl\u00e4yhdistyksen toiminta-alueella sijaitseviin kotitalouksiin. Suunnitelma on tehty sek\u00e4 ruotsiksi ett\u00e4 suomeksi.<\/p>\n<p><a href=\"https:\/\/www.kopbacka.fi\/wp-content\/uploads\/sites\/15\/2014\/10\/kopbacka-fi.pdf\">kopbacka_fi<\/a><\/p>\n","protected":false},"excerpt":{"rendered":"<p>Kyl\u00e4suunnitelma vuosille 2005-2010 on valmistunut. Se on jaettu kaikkiin kyl\u00e4yhdistyksen toiminta-alueella sijaitseviin kotitalouksiin. Suunnitelma on tehty sek\u00e4 ruotsiksi ett\u00e4 suomeksi. kopbacka_fi<\/p>\n","protected":false},"author":11,"featured_media":0,"parent":151,"menu_order":0,"comment_status":"closed","ping_status":"closed","template":"","meta":{"footnotes":""},"class_list":["post-359","page","type-page","status-publish","hentry"],"_links":{"self":[{"href":"https:\/\/www.kopbacka.fi\/fi\/wp-json\/wp\/v2\/pages\/359","targetHints":{"allow":["GET"]}}],"collection":[{"href":"https:\/\/www.kopbacka.fi\/fi\/wp-json\/wp\/v2\/pages"}],"about":[{"href":"https:\/\/www.kopbacka.fi\/fi\/wp-json\/wp\/v2\/types\/page"}],"author":[{"embeddable":true,"href":"https:\/\/www.kopbacka.fi\/fi\/wp-json\/wp\/v2\/users\/11"}],"replies":[{"embeddable":true,"href":"https:\/\/www.kopbacka.fi\/fi\/wp-json\/wp\/v2\/comments?post=359"}],"version-history":[{"count":5,"href":"https:\/\/www.kopbacka.fi\/fi\/wp-json\/wp\/v2\/pages\/359\/revisions"}],"predecessor-version":[{"id":1943,"href":"https:\/\/www.kopbacka.fi\/fi\/wp-json\/wp\/v2\/pages\/359\/revisions\/1943"}],"up":[{"embeddable":true,"href":"https:\/\/www.kopbacka.fi\/fi\/wp-json\/wp\/v2\/pages\/151"}],"wp:attachment":[{"href":"https:\/\/www.kopbacka.fi\/fi\/wp-json\/wp\/v2\/media?parent=359"}],"curies":[{"name":"wp","href":"https:\/\/api.w.org\/{rel}","templated":true}]}}