{"id":351,"date":"2014-10-14T11:43:50","date_gmt":"2014-10-14T08:43:50","guid":{"rendered":"http:\/\/www.itukylat.fi\/kopbacka\/?page_id=351"},"modified":"2025-09-16T20:26:45","modified_gmt":"2025-09-16T17:26:45","slug":"testisivu","status":"publish","type":"page","link":"https:\/\/www.kopbacka.fi\/fi\/alakoulu\/testisivu\/","title":{"rendered":"Tukiyhdistys"},"content":{"rendered":"<p class=\"p1\">K\u00f6pbacka sm\u00e5skolas st\u00f6df\u00f6rening r.f.<\/p>\n<p>K\u00f6pbackan Sm\u00e5skola t\u00e4ytti 135 vuotta vuonna 2019. Koulun olemassaolon turvaamiseksi perustettiin kev\u00e4\u00e4ll\u00e4 2016 K\u00f6pbackan Sm\u00e5skolan tukiyhdistys. Kyl\u00e4yhdistyksen s\u00e4\u00e4nt\u00f6j\u00e4 muutettiin samalla siten, ett\u00e4 jos kyl\u00e4yhdistys lakkautetaan, sen nettovarallisuus siirtyy tukiyhdistykselle. Ajatus t\u00e4m\u00e4n takana oli, ett\u00e4 nuorempi sukupolvi ottaisi koulurakennuksen haltuunsa.<\/p>\n<p>Kyl\u00e4yhdistyksen talkooryhm\u00e4 on tehnyt korjauksia koulukiinteist\u00f6ss\u00e4, esimerkiksi vessa, eteinen ja keitti\u00f6 on uusittu. Tukiyhdistyksen j\u00e4senet ovat osallistuneet toimintaan aina tukirahojen hakemisesta kiinteist\u00f6n korjaust\u00f6ihin. Vanhassa rakennuksessa on aina yht\u00e4 ja toista kunnostettavaa esim. katto, joka uusittiin kes\u00e4ll\u00e4 2025.<\/p>\n<p>Tukiyhdistyksen puheenjohtaja Johan Ek.<\/p>\n","protected":false},"excerpt":{"rendered":"<p>K\u00f6pbacka sm\u00e5skolas st\u00f6df\u00f6rening r.f. K\u00f6pbackan Sm\u00e5skola t\u00e4ytti 135 vuotta vuonna 2019. Koulun olemassaolon turvaamiseksi perustettiin kev\u00e4\u00e4ll\u00e4 2016 K\u00f6pbackan Sm\u00e5skolan tukiyhdistys. Kyl\u00e4yhdistyksen s\u00e4\u00e4nt\u00f6j\u00e4 muutettiin samalla siten, ett\u00e4 jos kyl\u00e4yhdistys lakkautetaan, sen nettovarallisuus siirtyy tukiyhdistykselle. Ajatus t\u00e4m\u00e4n takana oli, ett\u00e4 nuorempi sukupolvi ottaisi koulurakennuksen haltuunsa. Kyl\u00e4yhdistyksen talkooryhm\u00e4 on tehnyt korjauksia koulukiinteist\u00f6ss\u00e4, esimerkiksi vessa, eteinen ja keitti\u00f6 on [&hellip;]<\/p>\n","protected":false},"author":11,"featured_media":0,"parent":140,"menu_order":3,"comment_status":"closed","ping_status":"closed","template":"","meta":{"footnotes":""},"class_list":["post-351","page","type-page","status-publish","hentry"],"_links":{"self":[{"href":"https:\/\/www.kopbacka.fi\/fi\/wp-json\/wp\/v2\/pages\/351","targetHints":{"allow":["GET"]}}],"collection":[{"href":"https:\/\/www.kopbacka.fi\/fi\/wp-json\/wp\/v2\/pages"}],"about":[{"href":"https:\/\/www.kopbacka.fi\/fi\/wp-json\/wp\/v2\/types\/page"}],"author":[{"embeddable":true,"href":"https:\/\/www.kopbacka.fi\/fi\/wp-json\/wp\/v2\/users\/11"}],"replies":[{"embeddable":true,"href":"https:\/\/www.kopbacka.fi\/fi\/wp-json\/wp\/v2\/comments?post=351"}],"version-history":[{"count":19,"href":"https:\/\/www.kopbacka.fi\/fi\/wp-json\/wp\/v2\/pages\/351\/revisions"}],"predecessor-version":[{"id":2880,"href":"https:\/\/www.kopbacka.fi\/fi\/wp-json\/wp\/v2\/pages\/351\/revisions\/2880"}],"up":[{"embeddable":true,"href":"https:\/\/www.kopbacka.fi\/fi\/wp-json\/wp\/v2\/pages\/140"}],"wp:attachment":[{"href":"https:\/\/www.kopbacka.fi\/fi\/wp-json\/wp\/v2\/media?parent=351"}],"curies":[{"name":"wp","href":"https:\/\/api.w.org\/{rel}","templated":true}]}}