{"id":286,"date":"2014-10-13T22:09:34","date_gmt":"2014-10-13T19:09:34","guid":{"rendered":"http:\/\/www.itukylat.fi\/kopbacka\/?page_id=286"},"modified":"2021-03-03T16:37:23","modified_gmt":"2021-03-03T14:37:23","slug":"tyoryhmat-kylasuunnitelma-2015-2020","status":"publish","type":"page","link":"https:\/\/www.kopbacka.fi\/fi\/kylasuunnitelma\/tyoryhmat-kylasuunnitelma-2015-2020\/","title":{"rendered":"Ty\u00f6ryhm\u00e4t kyl\u00e4suunnitelma 2015-2020"},"content":{"rendered":"<div id=\"theContent\">\n<p>Kyl\u00e4suunnittelun ty\u00f6ryhm\u00e4t<br \/>\n<strong>Ota yhteytt\u00e4<\/strong>: kopbacka.byaforening(at)sulo.fi<\/p>\n<p>HISTORIA<br \/>\nG\u00f6rel Engstr\u00f6m<br \/>\nHolger Ferin<br \/>\nHelge Frond\u00e9n<br \/>\nErkki L\u00f6nnqvist<br \/>\nKajsa Pihl<br \/>\nRaimo Nyman<br \/>\nPia Rajala<br \/>\nKari Ry\u00f6pp\u00f6nen<\/p>\n<p>YMP\u00c4RIST\u00d6<br \/>\nBritta Engstr\u00f6m<br \/>\nPirjo Keskisaari-Grahn<br \/>\nArja Lepp\u00e4nen<br \/>\nMagnus Johansson<br \/>\nHannu Vuoj\u00e4rvi<br \/>\nNan Nyman<\/p>\n<p>TIEDOTUS<br \/>\nPirkko J\u00e4rnstr\u00f6m<br \/>\nSynn\u00f6ve Bergholm<\/p>\n<p>&nbsp;<\/p>\n<\/div>\n","protected":false},"excerpt":{"rendered":"<p>Kyl\u00e4suunnittelun ty\u00f6ryhm\u00e4t Ota yhteytt\u00e4: kopbacka.byaforening(at)sulo.fi HISTORIA G\u00f6rel Engstr\u00f6m Holger Ferin Helge Frond\u00e9n Erkki L\u00f6nnqvist Kajsa Pihl Raimo Nyman Pia Rajala Kari Ry\u00f6pp\u00f6nen YMP\u00c4RIST\u00d6 Britta Engstr\u00f6m Pirjo Keskisaari-Grahn Arja Lepp\u00e4nen Magnus Johansson Hannu Vuoj\u00e4rvi Nan Nyman TIEDOTUS Pirkko J\u00e4rnstr\u00f6m Synn\u00f6ve Bergholm &nbsp;<\/p>\n","protected":false},"author":11,"featured_media":0,"parent":151,"menu_order":0,"comment_status":"closed","ping_status":"closed","template":"","meta":{"footnotes":""},"class_list":["post-286","page","type-page","status-publish","hentry"],"_links":{"self":[{"href":"https:\/\/www.kopbacka.fi\/fi\/wp-json\/wp\/v2\/pages\/286","targetHints":{"allow":["GET"]}}],"collection":[{"href":"https:\/\/www.kopbacka.fi\/fi\/wp-json\/wp\/v2\/pages"}],"about":[{"href":"https:\/\/www.kopbacka.fi\/fi\/wp-json\/wp\/v2\/types\/page"}],"author":[{"embeddable":true,"href":"https:\/\/www.kopbacka.fi\/fi\/wp-json\/wp\/v2\/users\/11"}],"replies":[{"embeddable":true,"href":"https:\/\/www.kopbacka.fi\/fi\/wp-json\/wp\/v2\/comments?post=286"}],"version-history":[{"count":4,"href":"https:\/\/www.kopbacka.fi\/fi\/wp-json\/wp\/v2\/pages\/286\/revisions"}],"predecessor-version":[{"id":1962,"href":"https:\/\/www.kopbacka.fi\/fi\/wp-json\/wp\/v2\/pages\/286\/revisions\/1962"}],"up":[{"embeddable":true,"href":"https:\/\/www.kopbacka.fi\/fi\/wp-json\/wp\/v2\/pages\/151"}],"wp:attachment":[{"href":"https:\/\/www.kopbacka.fi\/fi\/wp-json\/wp\/v2\/media?parent=286"}],"curies":[{"name":"wp","href":"https:\/\/api.w.org\/{rel}","templated":true}]}}