{"id":264,"date":"2014-10-13T21:47:12","date_gmt":"2014-10-13T18:47:12","guid":{"rendered":"http:\/\/www.itukylat.fi\/kopbacka\/?page_id=264"},"modified":"2014-11-18T11:57:15","modified_gmt":"2014-11-18T09:57:15","slug":"valkon-ja-loviisan-yhdistyminen-50-vuotta","status":"publish","type":"page","link":"https:\/\/www.kopbacka.fi\/fi\/historia\/valkon-ja-loviisan-yhdistyminen-50-vuotta\/","title":{"rendered":"Valkon ja Loviisan yhdistyminen 50 vuotta"},"content":{"rendered":"<p>Ruotsinkielisell\u00e4 sivulla\u00a0on \u00d6stra Nylandissa ollut G\u00f6rel Engstr\u00f6min kirjoittama juttu kuinka 50 vuotta sitten 2 000 valkolaista her\u00e4si loviisalaisina.<\/p>\n<p>&nbsp;<\/p>\n","protected":false},"excerpt":{"rendered":"<p>Ruotsinkielisell\u00e4 sivulla\u00a0on \u00d6stra Nylandissa ollut G\u00f6rel Engstr\u00f6min kirjoittama juttu kuinka 50 vuotta sitten 2 000 valkolaista her\u00e4si loviisalaisina. &nbsp;<\/p>\n","protected":false},"author":28,"featured_media":0,"parent":127,"menu_order":0,"comment_status":"closed","ping_status":"closed","template":"","meta":{"footnotes":""},"class_list":["post-264","page","type-page","status-publish","hentry"],"_links":{"self":[{"href":"https:\/\/www.kopbacka.fi\/fi\/wp-json\/wp\/v2\/pages\/264","targetHints":{"allow":["GET"]}}],"collection":[{"href":"https:\/\/www.kopbacka.fi\/fi\/wp-json\/wp\/v2\/pages"}],"about":[{"href":"https:\/\/www.kopbacka.fi\/fi\/wp-json\/wp\/v2\/types\/page"}],"author":[{"embeddable":true,"href":"https:\/\/www.kopbacka.fi\/fi\/wp-json\/wp\/v2\/users\/28"}],"replies":[{"embeddable":true,"href":"https:\/\/www.kopbacka.fi\/fi\/wp-json\/wp\/v2\/comments?post=264"}],"version-history":[{"count":3,"href":"https:\/\/www.kopbacka.fi\/fi\/wp-json\/wp\/v2\/pages\/264\/revisions"}],"predecessor-version":[{"id":529,"href":"https:\/\/www.kopbacka.fi\/fi\/wp-json\/wp\/v2\/pages\/264\/revisions\/529"}],"up":[{"embeddable":true,"href":"https:\/\/www.kopbacka.fi\/fi\/wp-json\/wp\/v2\/pages\/127"}],"wp:attachment":[{"href":"https:\/\/www.kopbacka.fi\/fi\/wp-json\/wp\/v2\/media?parent=264"}],"curies":[{"name":"wp","href":"https:\/\/api.w.org\/{rel}","templated":true}]}}