{"id":2592,"date":"2024-10-02T10:33:30","date_gmt":"2024-10-02T07:33:30","guid":{"rendered":"https:\/\/www.kopbacka.fi\/?page_id=2592"},"modified":"2026-04-11T11:10:21","modified_gmt":"2026-04-11T08:10:21","slug":"tapahtumat","status":"publish","type":"page","link":"https:\/\/www.kopbacka.fi\/fi\/tapahtumat\/","title":{"rendered":"Tapahtumat"},"content":{"rendered":"<p>15.2. \u00a0 su Laskiaistapahtuma klo 12-14 pulkkam\u00e4ess\u00e4 Harjunlaella ja klo 13-15 hernekeittoa Sm\u00e5skolalla<br \/>\n7.3. \u00a0 \u00a0 la \u00a0Voi hyvin -p\u00e4iv\u00e4 klo 12 &#8211; 15<br \/>\n21.3. \u00a0 la \u00a0Virkistysmatka Fazer Experience Vierailukeskukseen Vantaalle<br \/>\n29.3. \u00a0su \u00a0P\u00e4\u00e4si\u00e4ismyyj\u00e4iset klo 14-16<br \/>\n19.4. \u00a0 su Kev\u00e4tkokous klo 17<br \/>\n7.5. \u00a0 \u00a0 to Sm\u00e5skolan piha-alueen kev\u00e4tsiivous ja roskien ker\u00e4\u00e4minen kyl\u00e4teiden varsilta klo 17 alkaen<br \/>\n11.6. \u00a0 \u00a0to Rantaongintakilpailu klo 18 alkaen Patunan rannassa<br \/>\n6.8. \u00a0 \u00a0 to Yhteislauluilta klo 18-20<br \/>\n11.10. \u00a0su Syysmarkkinat klo 14-16<br \/>\n25.10. su Syyskokous klo 17-19<br \/>\n28.11. \u00a0la Joulujuhla klo 17<br \/>\n19.12. \u00a0la Joulumyyj\u00e4iset klo 15-17<\/p>\n","protected":false},"excerpt":{"rendered":"<p>15.2. \u00a0 su Laskiaistapahtuma klo 12-14 pulkkam\u00e4ess\u00e4 Harjunlaella ja klo 13-15 hernekeittoa Sm\u00e5skolalla 7.3. \u00a0 \u00a0 la \u00a0Voi hyvin -p\u00e4iv\u00e4 klo 12 &#8211; 15 21.3. \u00a0 la \u00a0Virkistysmatka Fazer Experience Vierailukeskukseen Vantaalle 29.3. \u00a0su \u00a0P\u00e4\u00e4si\u00e4ismyyj\u00e4iset klo 14-16 19.4. \u00a0 su Kev\u00e4tkokous klo 17 7.5. \u00a0 \u00a0 to Sm\u00e5skolan piha-alueen kev\u00e4tsiivous ja roskien ker\u00e4\u00e4minen kyl\u00e4teiden varsilta [&hellip;]<\/p>\n","protected":false},"author":1,"featured_media":0,"parent":0,"menu_order":0,"comment_status":"closed","ping_status":"closed","template":"","meta":{"footnotes":""},"class_list":["post-2592","page","type-page","status-publish","hentry"],"_links":{"self":[{"href":"https:\/\/www.kopbacka.fi\/fi\/wp-json\/wp\/v2\/pages\/2592","targetHints":{"allow":["GET"]}}],"collection":[{"href":"https:\/\/www.kopbacka.fi\/fi\/wp-json\/wp\/v2\/pages"}],"about":[{"href":"https:\/\/www.kopbacka.fi\/fi\/wp-json\/wp\/v2\/types\/page"}],"author":[{"embeddable":true,"href":"https:\/\/www.kopbacka.fi\/fi\/wp-json\/wp\/v2\/users\/1"}],"replies":[{"embeddable":true,"href":"https:\/\/www.kopbacka.fi\/fi\/wp-json\/wp\/v2\/comments?post=2592"}],"version-history":[{"count":5,"href":"https:\/\/www.kopbacka.fi\/fi\/wp-json\/wp\/v2\/pages\/2592\/revisions"}],"predecessor-version":[{"id":3110,"href":"https:\/\/www.kopbacka.fi\/fi\/wp-json\/wp\/v2\/pages\/2592\/revisions\/3110"}],"wp:attachment":[{"href":"https:\/\/www.kopbacka.fi\/fi\/wp-json\/wp\/v2\/media?parent=2592"}],"curies":[{"name":"wp","href":"https:\/\/api.w.org\/{rel}","templated":true}]}}