{"id":245,"date":"2014-10-13T21:26:28","date_gmt":"2014-10-13T18:26:28","guid":{"rendered":"http:\/\/www.itukylat.fi\/kopbacka\/?page_id=245"},"modified":"2023-03-20T10:17:32","modified_gmt":"2023-03-20T08:17:32","slug":"historiaa","status":"publish","type":"page","link":"https:\/\/www.kopbacka.fi\/fi\/kylayhdistys\/historiaa\/","title":{"rendered":"Historiaa"},"content":{"rendered":"<p><strong><em><u>Kaksi vuosikymment\u00e4 kyl\u00e4yhdistystoimintaa<\/u><\/em><\/strong><\/p>\n<p><strong><em><u>\u00a0<\/u><\/em><\/strong><\/p>\n<p><em>\u00a0 Syksyll\u00e4 2000 kaupunginhallitus hyv\u00e4ksyi toimenpide-ehdotuksen koskien Loviisan tonttien myyntikampanjaa, mink\u00e4 mukaan se esitti K\u00f6pbackan \u201dfd. Sm\u00e5skolan\u201d myymist\u00e4 yksityiselle, 110.000 markalla. T\u00e4m\u00e4 her\u00e4tti kyl\u00e4alueen asukkaat toteamaan, ett\u00e4 viimeinen yhteinen kokoontumistila katoaa, ellei asialle tehd\u00e4 mit\u00e4\u00e4n!<\/em><\/p>\n<p><em>\u00a0 Yli 200 allekirjoituksen adressilla vedottiin kaupunkia s\u00e4\u00e4st\u00e4m\u00e4\u00e4n koulu kyl\u00e4l\u00e4isten olohuoneeksi. Keskusteluissa nousi esiin mm. pitk\u00e4aikainen vuokrasopimus ja jopa kiinteist\u00f6n luovuttaminen, nimellisell\u00e4 summalla, 19.11.2000 perustetulle yhdistykselle. -Kirjoitettiin historiaa nyt jo kaksi vuosikymment\u00e4 jatkuneelle K\u00f6pbackan kyl\u00e4yhdistystoiminnalle.<\/em><\/p>\n<p><em>\u00a0<\/em><\/p>\n<p><em>\u00a0 Ensimm\u00e4isen vuosikymmenen aikana yhdistyksen toiminta v\u00e4hitellen vakiintui. Eri kiinnostusten mukaiset toimikunnat\u00a0 <\/em><\/p>\n<p><em>( koulukiinteist\u00f6-, talkoo-, kylien suunnittelu-, lapsi- ja nuoriso, juhla-, kirjallisuus-, historia-, leikekirja-, ja valokuva- ) vastasivat sektoreistaan. Niill\u00e4 oli my\u00f6s vetovastuu aktiviteeteiss\u00e4, hallituksen kantaessa kokonaisvastuun toiminnasta ja sen kehitt\u00e4misest\u00e4. Toiminnan tuloksena mm. syntyi kaksi kyl\u00e4suunnitelmaa, rakennettiin leikkipuisto yhteisty\u00f6ss\u00e4 kaupungin kanssa, \u201dsaatiin pulkkam\u00e4ki\u201d kunnossapito-oikeuksineen, komistettiin kyl\u00e4milj\u00f6\u00f6t\u00e4 kes\u00e4kukkalaatikoin, -muutamia mainiten.<\/em><\/p>\n<p><em>\u00a0 L\u00e4pi vuosien elinvoimaisina aktiviteetteina ovat s\u00e4ilyneet joulu-\/nuuttijuhla, laskiaistapahtuma, vapunvietto, rantaonginta sek\u00e4 yhteislaulu. Mit\u00e4 ilmeisimmin jo ensimm\u00e4isill\u00e4 joulumyyj\u00e4isill\u00e4 3.12.2000 muurattiin yhdistyksemme peruskive\u00e4! -Sanomattakin on selv\u00e4\u00e4, ett\u00e4 paljon talkoo- ja yhteisty\u00f6t\u00e4 sek\u00e4 yhteis\u00f6llisyytt\u00e4 vaativat ja tuottavat myyj\u00e4iset ja markkinat ovat olleet ja ovat edelleen taloutemme tukipilarit.<\/em><\/p>\n<p><em>\u00a0<\/em><\/p>\n<p><em>\u00a0\u00a0Yhdistystaloutemme s\u00e4\u00e4llisess\u00e4 kunnossa oli turvallista l\u00e4hte\u00e4 toisen vuosikymmenen haasteita kohti. Kolmentoista vuoden ajan maksoimme tilavuokraa Sm\u00e5skolasta kaupungille. Talkoolaiset tekiv\u00e4t erilaisia kohennus- ja pienempi\u00e4 korjaust\u00f6it\u00e4, kaupunki puolestaan maksoi materiaalit.<\/em><\/p>\n<p><em>Vuosien valmistelun j\u00e4lkeen koitti kiinteist\u00f6n kauppakirjan teon aika,1.12.2013. N\u00e4in toteitui tavoite: Sm\u00e5skola = kyl\u00e4l\u00e4isten kyl\u00e4talo. Kauppasummaa ei toki en\u00e4\u00e4 voinut kutsua nimelliseksi!<\/em><\/p>\n<p><em>\u00a0 Yksi asia johti toiseen: omistajuus velvoittaa pit\u00e4m\u00e4\u00e4n huolta kiinteist\u00f6st\u00e4! Korjausvelkaakin oli peruskorjaamattomaan 130-vuotta vanhaan taloon kertynyt. Toiveet ajanmukaisesta ja toimivasta talosta, mm. juhlak\u00e4ytt\u00f6\u00f6n, synnyttiv\u00e4t remonttiurakan. Siit\u00e4p\u00e4 ainekset vuosikymmenen lopun moninaisiin talkoisiin, tuloksena peruskorjattu keitti\u00f6 sek\u00e4 uusi wc-tila! &#8211; Aihetta useampaankin juhlaan olisi 2020-vuodelle riitt\u00e4nyt! &#8211; Maaliskuussa tuli kuitenkin pieni virus, Covid-19, ja j\u00e4rjesti uudeksi miltei kaiken, kaikkien harmiksi,&#8230;vaiko siunaukseksi? -ainakin talkoomiehet ja -naiset ovat saaneet suuresti ansaitsemaansa taukoa ja lepoa. ( teksti PK-G)<\/em><\/p>\n<p>&nbsp;<\/p>\n<p><em>\u00a0<\/em><\/p>\n<p>K\u00f6pbacka byaf\u00f6rening r.f. &#8211; K\u00f6pbackan kyl\u00e4yhdistys perustettiin 19.11.2000. Yhdistyksess\u00e4 on t\u00e4ll\u00e4 hetkell\u00e4 noin 155 j\u00e4sent\u00e4. Kyl\u00e4yhdistyksen toiminta-alueeseen kuuluvat K\u00f6pbackan lis\u00e4ksi Haravankyl\u00e4, Varvi ja Sven\u00e4s.<\/p>\n<p>Kyl\u00e4yhdistys on tullut tunnetuksi kauniista tilkkut\u00e4kist\u00e4 joka ommellaan joka vuonna kev\u00e4\u00e4n arpajaisiin.<\/p>\n\n\t\t<style type=\"text\/css\">\n\t\t\t#gallery-1 {\n\t\t\t\tmargin: auto;\n\t\t\t}\n\t\t\t#gallery-1 .gallery-item {\n\t\t\t\tfloat: left;\n\t\t\t\tmargin-top: 10px;\n\t\t\t\ttext-align: center;\n\t\t\t\twidth: 50%;\n\t\t\t}\n\t\t\t#gallery-1 img {\n\t\t\t\tborder: 2px solid #cfcfcf;\n\t\t\t}\n\t\t\t#gallery-1 .gallery-caption {\n\t\t\t\tmargin-left: 0;\n\t\t\t}\n\t\t\t\/* see gallery_shortcode() in wp-includes\/media.php *\/\n\t\t<\/style>\n\t\t<div id='gallery-1' class='gallery galleryid-245 gallery-columns-2 gallery-size-thumbnail'><dl class='gallery-item'>\n\t\t\t<dt class='gallery-icon portrait'>\n\t\t\t\t<a href='https:\/\/www.kopbacka.fi\/wp-content\/uploads\/sites\/15\/2020\/02\/20200203_200830.jpg'><img loading=\"lazy\" decoding=\"async\" width=\"150\" height=\"150\" src=\"https:\/\/www.kopbacka.fi\/wp-content\/uploads\/sites\/15\/2020\/02\/20200203_200830-150x150.jpg\" class=\"attachment-thumbnail size-thumbnail\" alt=\"\" aria-describedby=\"gallery-1-1777\" \/><\/a>\n\t\t\t<\/dt>\n\t\t\t\t<dd class='wp-caption-text gallery-caption' id='gallery-1-1777'>\n\t\t\t\t2000\n\t\t\t\t<\/dd><\/dl><dl class='gallery-item'>\n\t\t\t<dt class='gallery-icon landscape'>\n\t\t\t\t<a href='https:\/\/www.kopbacka.fi\/wp-content\/uploads\/sites\/15\/2020\/02\/20200203_182746_001-1.jpg'><img loading=\"lazy\" decoding=\"async\" width=\"150\" height=\"150\" src=\"https:\/\/www.kopbacka.fi\/wp-content\/uploads\/sites\/15\/2020\/02\/20200203_182746_001-1-150x150.jpg\" class=\"attachment-thumbnail size-thumbnail\" alt=\"\" aria-describedby=\"gallery-1-1812\" \/><\/a>\n\t\t\t<\/dt>\n\t\t\t\t<dd class='wp-caption-text gallery-caption' id='gallery-1-1812'>\n\t\t\t\t2001\n\t\t\t\t<\/dd><\/dl><br style=\"clear: both\" \/><dl class='gallery-item'>\n\t\t\t<dt class='gallery-icon landscape'>\n\t\t\t\t<a href='https:\/\/www.kopbacka.fi\/wp-content\/uploads\/sites\/15\/2020\/02\/20200203_182603.jpg'><img loading=\"lazy\" decoding=\"async\" width=\"150\" height=\"150\" src=\"https:\/\/www.kopbacka.fi\/wp-content\/uploads\/sites\/15\/2020\/02\/20200203_182603-150x150.jpg\" class=\"attachment-thumbnail size-thumbnail\" alt=\"\" aria-describedby=\"gallery-1-1771\" \/><\/a>\n\t\t\t<\/dt>\n\t\t\t\t<dd class='wp-caption-text gallery-caption' id='gallery-1-1771'>\n\t\t\t\t2002\n\t\t\t\t<\/dd><\/dl><dl class='gallery-item'>\n\t\t\t<dt class='gallery-icon landscape'>\n\t\t\t\t<a href='https:\/\/www.kopbacka.fi\/wp-content\/uploads\/sites\/15\/2020\/02\/20200203_183205-1.jpg'><img loading=\"lazy\" decoding=\"async\" width=\"150\" height=\"150\" src=\"https:\/\/www.kopbacka.fi\/wp-content\/uploads\/sites\/15\/2020\/02\/20200203_183205-1-150x150.jpg\" class=\"attachment-thumbnail size-thumbnail\" alt=\"\" aria-describedby=\"gallery-1-1793\" \/><\/a>\n\t\t\t<\/dt>\n\t\t\t\t<dd class='wp-caption-text gallery-caption' id='gallery-1-1793'>\n\t\t\t\t2003\n\t\t\t\t<\/dd><\/dl><br style=\"clear: both\" \/><dl class='gallery-item'>\n\t\t\t<dt class='gallery-icon landscape'>\n\t\t\t\t<a href='https:\/\/www.kopbacka.fi\/wp-content\/uploads\/sites\/15\/2014\/10\/arpajaiset.jpg'><img loading=\"lazy\" decoding=\"async\" width=\"150\" height=\"150\" src=\"https:\/\/www.kopbacka.fi\/wp-content\/uploads\/sites\/15\/2014\/10\/arpajaiset-150x150.jpg\" class=\"attachment-thumbnail size-thumbnail\" alt=\"\" aria-describedby=\"gallery-1-1535\" srcset=\"https:\/\/www.kopbacka.fi\/wp-content\/uploads\/sites\/15\/2014\/10\/arpajaiset-150x150.jpg 150w, https:\/\/www.kopbacka.fi\/wp-content\/uploads\/sites\/15\/2014\/10\/arpajaiset-50x50.jpg 50w\" sizes=\"auto, (max-width: 150px) 100vw, 150px\" \/><\/a>\n\t\t\t<\/dt>\n\t\t\t\t<dd class='wp-caption-text gallery-caption' id='gallery-1-1535'>\n\t\t\t\t2004\n\t\t\t\t<\/dd><\/dl><dl class='gallery-item'>\n\t\t\t<dt class='gallery-icon landscape'>\n\t\t\t\t<a href='https:\/\/www.kopbacka.fi\/wp-content\/uploads\/sites\/15\/2014\/10\/taekki.jpg'><img loading=\"lazy\" decoding=\"async\" width=\"150\" height=\"150\" src=\"https:\/\/www.kopbacka.fi\/wp-content\/uploads\/sites\/15\/2014\/10\/taekki-150x150.jpg\" class=\"attachment-thumbnail size-thumbnail\" alt=\"\" aria-describedby=\"gallery-1-1537\" srcset=\"https:\/\/www.kopbacka.fi\/wp-content\/uploads\/sites\/15\/2014\/10\/taekki-150x150.jpg 150w, https:\/\/www.kopbacka.fi\/wp-content\/uploads\/sites\/15\/2014\/10\/taekki-50x50.jpg 50w\" sizes=\"auto, (max-width: 150px) 100vw, 150px\" \/><\/a>\n\t\t\t<\/dt>\n\t\t\t\t<dd class='wp-caption-text gallery-caption' id='gallery-1-1537'>\n\t\t\t\t2005\n\t\t\t\t<\/dd><\/dl><br style=\"clear: both\" \/><dl class='gallery-item'>\n\t\t\t<dt class='gallery-icon portrait'>\n\t\t\t\t<a href='https:\/\/www.kopbacka.fi\/wp-content\/uploads\/sites\/15\/2020\/02\/20200203_201234.jpg'><img loading=\"lazy\" decoding=\"async\" width=\"150\" height=\"150\" src=\"https:\/\/www.kopbacka.fi\/wp-content\/uploads\/sites\/15\/2020\/02\/20200203_201234-150x150.jpg\" class=\"attachment-thumbnail size-thumbnail\" alt=\"\" aria-describedby=\"gallery-1-1779\" \/><\/a>\n\t\t\t<\/dt>\n\t\t\t\t<dd class='wp-caption-text gallery-caption' id='gallery-1-1779'>\n\t\t\t\t2006\n\t\t\t\t<\/dd><\/dl><dl class='gallery-item'>\n\t\t\t<dt class='gallery-icon landscape'>\n\t\t\t\t<a href='https:\/\/www.kopbacka.fi\/wp-content\/uploads\/sites\/15\/2020\/02\/20200203_201412.jpg'><img loading=\"lazy\" decoding=\"async\" width=\"150\" height=\"150\" src=\"https:\/\/www.kopbacka.fi\/wp-content\/uploads\/sites\/15\/2020\/02\/20200203_201412-150x150.jpg\" class=\"attachment-thumbnail size-thumbnail\" alt=\"\" aria-describedby=\"gallery-1-1783\" \/><\/a>\n\t\t\t<\/dt>\n\t\t\t\t<dd class='wp-caption-text gallery-caption' id='gallery-1-1783'>\n\t\t\t\t2007\n\t\t\t\t<\/dd><\/dl><br style=\"clear: both\" \/><dl class='gallery-item'>\n\t\t\t<dt class='gallery-icon landscape'>\n\t\t\t\t<a href='https:\/\/www.kopbacka.fi\/wp-content\/uploads\/sites\/15\/2020\/02\/20200203_211449.jpg'><img loading=\"lazy\" decoding=\"async\" width=\"150\" height=\"150\" src=\"https:\/\/www.kopbacka.fi\/wp-content\/uploads\/sites\/15\/2020\/02\/20200203_211449-150x150.jpg\" class=\"attachment-thumbnail size-thumbnail\" alt=\"\" aria-describedby=\"gallery-1-1814\" \/><\/a>\n\t\t\t<\/dt>\n\t\t\t\t<dd class='wp-caption-text gallery-caption' id='gallery-1-1814'>\n\t\t\t\t2008\n\t\t\t\t<\/dd><\/dl><dl class='gallery-item'>\n\t\t\t<dt class='gallery-icon landscape'>\n\t\t\t\t<a href='https:\/\/www.kopbacka.fi\/wp-content\/uploads\/sites\/15\/2014\/11\/Lapplands-bildersommar-bilder.-Isas-18---rsdag-2009.-036.jpg'><img loading=\"lazy\" decoding=\"async\" width=\"150\" height=\"150\" src=\"https:\/\/www.kopbacka.fi\/wp-content\/uploads\/sites\/15\/2014\/11\/Lapplands-bildersommar-bilder.-Isas-18---rsdag-2009.-036-150x150.jpg\" class=\"attachment-thumbnail size-thumbnail\" alt=\"\" aria-describedby=\"gallery-1-1579\" srcset=\"https:\/\/www.kopbacka.fi\/wp-content\/uploads\/sites\/15\/2014\/11\/Lapplands-bildersommar-bilder.-Isas-18---rsdag-2009.-036-150x150.jpg 150w, https:\/\/www.kopbacka.fi\/wp-content\/uploads\/sites\/15\/2014\/11\/Lapplands-bildersommar-bilder.-Isas-18---rsdag-2009.-036-50x50.jpg 50w\" sizes=\"auto, (max-width: 150px) 100vw, 150px\" \/><\/a>\n\t\t\t<\/dt>\n\t\t\t\t<dd class='wp-caption-text gallery-caption' id='gallery-1-1579'>\n\t\t\t\t2009\n\t\t\t\t<\/dd><\/dl><br style=\"clear: both\" \/><dl class='gallery-item'>\n\t\t\t<dt class='gallery-icon landscape'>\n\t\t\t\t<a href='https:\/\/www.kopbacka.fi\/wp-content\/uploads\/sites\/15\/2020\/02\/20200203_201438.jpg'><img loading=\"lazy\" decoding=\"async\" width=\"150\" height=\"150\" src=\"https:\/\/www.kopbacka.fi\/wp-content\/uploads\/sites\/15\/2020\/02\/20200203_201438-150x150.jpg\" class=\"attachment-thumbnail size-thumbnail\" alt=\"\" aria-describedby=\"gallery-1-1795\" \/><\/a>\n\t\t\t<\/dt>\n\t\t\t\t<dd class='wp-caption-text gallery-caption' id='gallery-1-1795'>\n\t\t\t\t2010\n\t\t\t\t<\/dd><\/dl><dl class='gallery-item'>\n\t\t\t<dt class='gallery-icon landscape'>\n\t\t\t\t<a href='https:\/\/www.kopbacka.fi\/wp-content\/uploads\/sites\/15\/2020\/02\/20200203_201550.jpg'><img loading=\"lazy\" decoding=\"async\" width=\"150\" height=\"150\" src=\"https:\/\/www.kopbacka.fi\/wp-content\/uploads\/sites\/15\/2020\/02\/20200203_201550-150x150.jpg\" class=\"attachment-thumbnail size-thumbnail\" alt=\"\" aria-describedby=\"gallery-1-1785\" \/><\/a>\n\t\t\t<\/dt>\n\t\t\t\t<dd class='wp-caption-text gallery-caption' id='gallery-1-1785'>\n\t\t\t\t2011\n\t\t\t\t<\/dd><\/dl><br style=\"clear: both\" \/><dl class='gallery-item'>\n\t\t\t<dt class='gallery-icon landscape'>\n\t\t\t\t<a href='https:\/\/www.kopbacka.fi\/wp-content\/uploads\/sites\/15\/2020\/02\/20200203_201714.jpg'><img loading=\"lazy\" decoding=\"async\" width=\"150\" height=\"150\" src=\"https:\/\/www.kopbacka.fi\/wp-content\/uploads\/sites\/15\/2020\/02\/20200203_201714-150x150.jpg\" class=\"attachment-thumbnail size-thumbnail\" alt=\"\" aria-describedby=\"gallery-1-1787\" \/><\/a>\n\t\t\t<\/dt>\n\t\t\t\t<dd class='wp-caption-text gallery-caption' id='gallery-1-1787'>\n\t\t\t\t2012\n\t\t\t\t<\/dd><\/dl><dl class='gallery-item'>\n\t\t\t<dt class='gallery-icon landscape'>\n\t\t\t\t<a href='https:\/\/www.kopbacka.fi\/wp-content\/uploads\/sites\/15\/2020\/02\/20200203_201756.jpg'><img loading=\"lazy\" decoding=\"async\" width=\"150\" height=\"150\" src=\"https:\/\/www.kopbacka.fi\/wp-content\/uploads\/sites\/15\/2020\/02\/20200203_201756-150x150.jpg\" class=\"attachment-thumbnail size-thumbnail\" alt=\"\" aria-describedby=\"gallery-1-1789\" \/><\/a>\n\t\t\t<\/dt>\n\t\t\t\t<dd class='wp-caption-text gallery-caption' id='gallery-1-1789'>\n\t\t\t\t2013\n\t\t\t\t<\/dd><\/dl><br style=\"clear: both\" \/><dl class='gallery-item'>\n\t\t\t<dt class='gallery-icon landscape'>\n\t\t\t\t<a href='https:\/\/www.kopbacka.fi\/wp-content\/uploads\/sites\/15\/2020\/02\/20200203_201818.jpg'><img loading=\"lazy\" decoding=\"async\" width=\"150\" height=\"150\" src=\"https:\/\/www.kopbacka.fi\/wp-content\/uploads\/sites\/15\/2020\/02\/20200203_201818-150x150.jpg\" class=\"attachment-thumbnail size-thumbnail\" alt=\"\" aria-describedby=\"gallery-1-1791\" \/><\/a>\n\t\t\t<\/dt>\n\t\t\t\t<dd class='wp-caption-text gallery-caption' id='gallery-1-1791'>\n\t\t\t\t2014\n\t\t\t\t<\/dd><\/dl><dl class='gallery-item'>\n\t\t\t<dt class='gallery-icon landscape'>\n\t\t\t\t<a href='https:\/\/www.kopbacka.fi\/wp-content\/uploads\/sites\/15\/2014\/11\/WP_000452.jpg'><img loading=\"lazy\" decoding=\"async\" width=\"150\" height=\"150\" src=\"https:\/\/www.kopbacka.fi\/wp-content\/uploads\/sites\/15\/2014\/11\/WP_000452-150x150.jpg\" class=\"attachment-thumbnail size-thumbnail\" alt=\"\" aria-describedby=\"gallery-1-1580\" srcset=\"https:\/\/www.kopbacka.fi\/wp-content\/uploads\/sites\/15\/2014\/11\/WP_000452-150x150.jpg 150w, https:\/\/www.kopbacka.fi\/wp-content\/uploads\/sites\/15\/2014\/11\/WP_000452-50x50.jpg 50w\" sizes=\"auto, (max-width: 150px) 100vw, 150px\" \/><\/a>\n\t\t\t<\/dt>\n\t\t\t\t<dd class='wp-caption-text gallery-caption' id='gallery-1-1580'>\n\t\t\t\t2015\n\t\t\t\t<\/dd><\/dl><br style=\"clear: both\" \/><dl class='gallery-item'>\n\t\t\t<dt class='gallery-icon portrait'>\n\t\t\t\t<a href='https:\/\/www.kopbacka.fi\/wp-content\/uploads\/sites\/15\/2016\/03\/Lappt\u00e4cke-2016-1-e1463382204745.jpg'><img loading=\"lazy\" decoding=\"async\" width=\"150\" height=\"150\" src=\"https:\/\/www.kopbacka.fi\/wp-content\/uploads\/sites\/15\/2016\/03\/Lappt\u00e4cke-2016-1-150x150.jpg\" class=\"attachment-thumbnail size-thumbnail\" alt=\"\" aria-describedby=\"gallery-1-1613\" srcset=\"https:\/\/www.kopbacka.fi\/wp-content\/uploads\/sites\/15\/2016\/03\/Lappt\u00e4cke-2016-1-150x150.jpg 150w, https:\/\/www.kopbacka.fi\/wp-content\/uploads\/sites\/15\/2016\/03\/Lappt\u00e4cke-2016-1-50x50.jpg 50w\" sizes=\"auto, (max-width: 150px) 100vw, 150px\" \/><\/a>\n\t\t\t<\/dt>\n\t\t\t\t<dd class='wp-caption-text gallery-caption' id='gallery-1-1613'>\n\t\t\t\t 2016\n\t\t\t\t<\/dd><\/dl><dl class='gallery-item'>\n\t\t\t<dt class='gallery-icon landscape'>\n\t\t\t\t<a href='https:\/\/www.kopbacka.fi\/wp-content\/uploads\/sites\/15\/2017\/04\/WP_20170403_006.jpg'><img loading=\"lazy\" decoding=\"async\" width=\"150\" height=\"150\" src=\"https:\/\/www.kopbacka.fi\/wp-content\/uploads\/sites\/15\/2017\/04\/WP_20170403_006-150x150.jpg\" class=\"attachment-thumbnail size-thumbnail\" alt=\"\" aria-describedby=\"gallery-1-1620\" srcset=\"https:\/\/www.kopbacka.fi\/wp-content\/uploads\/sites\/15\/2017\/04\/WP_20170403_006-150x150.jpg 150w, https:\/\/www.kopbacka.fi\/wp-content\/uploads\/sites\/15\/2017\/04\/WP_20170403_006-50x50.jpg 50w\" sizes=\"auto, (max-width: 150px) 100vw, 150px\" \/><\/a>\n\t\t\t<\/dt>\n\t\t\t\t<dd class='wp-caption-text gallery-caption' id='gallery-1-1620'>\n\t\t\t\t2017\n\t\t\t\t<\/dd><\/dl><br style=\"clear: both\" \/><dl class='gallery-item'>\n\t\t\t<dt class='gallery-icon portrait'>\n\t\t\t\t<a href='https:\/\/www.kopbacka.fi\/wp-content\/uploads\/sites\/15\/2020\/02\/20180325_133202.jpg'><img loading=\"lazy\" decoding=\"async\" width=\"150\" height=\"150\" src=\"https:\/\/www.kopbacka.fi\/wp-content\/uploads\/sites\/15\/2020\/02\/20180325_133202-150x150.jpg\" class=\"attachment-thumbnail size-thumbnail\" alt=\"\" aria-describedby=\"gallery-1-1761\" \/><\/a>\n\t\t\t<\/dt>\n\t\t\t\t<dd class='wp-caption-text gallery-caption' id='gallery-1-1761'>\n\t\t\t\t2018\n\t\t\t\t<\/dd><\/dl><dl class='gallery-item'>\n\t\t\t<dt class='gallery-icon portrait'>\n\t\t\t\t<a href='https:\/\/www.kopbacka.fi\/wp-content\/uploads\/sites\/15\/2020\/02\/20190414_151447.jpg'><img loading=\"lazy\" decoding=\"async\" width=\"150\" height=\"150\" src=\"https:\/\/www.kopbacka.fi\/wp-content\/uploads\/sites\/15\/2020\/02\/20190414_151447-150x150.jpg\" class=\"attachment-thumbnail size-thumbnail\" alt=\"\" aria-describedby=\"gallery-1-1808\" \/><\/a>\n\t\t\t<\/dt>\n\t\t\t\t<dd class='wp-caption-text gallery-caption' id='gallery-1-1808'>\n\t\t\t\t2019\n\t\t\t\t<\/dd><\/dl><br style=\"clear: both\" \/><dl class='gallery-item'>\n\t\t\t<dt class='gallery-icon portrait'>\n\t\t\t\t<a href='https:\/\/www.kopbacka.fi\/wp-content\/uploads\/sites\/15\/2022\/12\/20221205_151225-rotated.jpg'><img loading=\"lazy\" decoding=\"async\" width=\"150\" height=\"150\" src=\"https:\/\/www.kopbacka.fi\/wp-content\/uploads\/sites\/15\/2022\/12\/20221205_151225-150x150.jpg\" class=\"attachment-thumbnail size-thumbnail\" alt=\"\" aria-describedby=\"gallery-1-2244\" \/><\/a>\n\t\t\t<\/dt>\n\t\t\t\t<dd class='wp-caption-text gallery-caption' id='gallery-1-2244'>\n\t\t\t\t 2022\n\t\t\t\t<\/dd><\/dl><dl class='gallery-item'>\n\t\t\t<dt class='gallery-icon landscape'>\n\t\t\t\t<a href='https:\/\/www.kopbacka.fi\/wp-content\/uploads\/sites\/15\/2020\/02\/20200203_183205-2-rotated.jpg'><img loading=\"lazy\" decoding=\"async\" width=\"150\" height=\"150\" src=\"https:\/\/www.kopbacka.fi\/wp-content\/uploads\/sites\/15\/2020\/02\/20200203_183205-2-150x150.jpg\" class=\"attachment-thumbnail size-thumbnail\" alt=\"\" \/><\/a>\n\t\t\t<\/dt><\/dl><br style=\"clear: both\" \/>\n\t\t<\/div>\n\n<p>&nbsp;<\/p>\n<p>&nbsp;<\/p>\n","protected":false},"excerpt":{"rendered":"<p>Kaksi vuosikymment\u00e4 kyl\u00e4yhdistystoimintaa \u00a0 \u00a0 Syksyll\u00e4 2000 kaupunginhallitus hyv\u00e4ksyi toimenpide-ehdotuksen koskien Loviisan tonttien myyntikampanjaa, mink\u00e4 mukaan se esitti K\u00f6pbackan \u201dfd. Sm\u00e5skolan\u201d myymist\u00e4 yksityiselle, 110.000 markalla. T\u00e4m\u00e4 her\u00e4tti kyl\u00e4alueen asukkaat toteamaan, ett\u00e4 viimeinen yhteinen kokoontumistila katoaa, ellei asialle tehd\u00e4 mit\u00e4\u00e4n! \u00a0 Yli 200 allekirjoituksen adressilla vedottiin kaupunkia s\u00e4\u00e4st\u00e4m\u00e4\u00e4n koulu kyl\u00e4l\u00e4isten olohuoneeksi. Keskusteluissa nousi esiin mm. pitk\u00e4aikainen [&hellip;]<\/p>\n","protected":false},"author":11,"featured_media":415,"parent":103,"menu_order":0,"comment_status":"closed","ping_status":"closed","template":"","meta":{"footnotes":""},"class_list":["post-245","page","type-page","status-publish","has-post-thumbnail","hentry"],"_links":{"self":[{"href":"https:\/\/www.kopbacka.fi\/fi\/wp-json\/wp\/v2\/pages\/245","targetHints":{"allow":["GET"]}}],"collection":[{"href":"https:\/\/www.kopbacka.fi\/fi\/wp-json\/wp\/v2\/pages"}],"about":[{"href":"https:\/\/www.kopbacka.fi\/fi\/wp-json\/wp\/v2\/types\/page"}],"author":[{"embeddable":true,"href":"https:\/\/www.kopbacka.fi\/fi\/wp-json\/wp\/v2\/users\/11"}],"replies":[{"embeddable":true,"href":"https:\/\/www.kopbacka.fi\/fi\/wp-json\/wp\/v2\/comments?post=245"}],"version-history":[{"count":10,"href":"https:\/\/www.kopbacka.fi\/fi\/wp-json\/wp\/v2\/pages\/245\/revisions"}],"predecessor-version":[{"id":486,"href":"https:\/\/www.kopbacka.fi\/fi\/wp-json\/wp\/v2\/pages\/245\/revisions\/486"}],"up":[{"embeddable":true,"href":"https:\/\/www.kopbacka.fi\/fi\/wp-json\/wp\/v2\/pages\/103"}],"wp:featuredmedia":[{"embeddable":true,"href":"https:\/\/www.kopbacka.fi\/fi\/wp-json\/wp\/v2\/media\/415"}],"wp:attachment":[{"href":"https:\/\/www.kopbacka.fi\/fi\/wp-json\/wp\/v2\/media?parent=245"}],"curies":[{"name":"wp","href":"https:\/\/api.w.org\/{rel}","templated":true}]}}