{"id":237,"date":"2014-10-13T21:17:16","date_gmt":"2014-10-13T18:17:16","guid":{"rendered":"http:\/\/www.itukylat.fi\/kopbacka\/?page_id=237"},"modified":"2024-04-13T22:23:58","modified_gmt":"2024-04-13T19:23:58","slug":"saannot","status":"publish","type":"page","link":"https:\/\/www.kopbacka.fi\/fi\/kylayhdistys\/saannot\/","title":{"rendered":"S\u00e4\u00e4nn\u00f6t"},"content":{"rendered":"<p><a href=\"https:\/\/www.kopbacka.fi\/wp-content\/uploads\/sites\/15\/2024\/04\/KBF-saannot-suomeksi.pdf\">KBF s\u00e4\u00e4nn\u00f6t suomeksi<\/a><\/p>\n<p><a href=\"https:\/\/www.kopbacka.fi\/wp-content\/uploads\/sites\/15\/2015\/10\/Uudet-saeaennoet-2015.pdf\">Uudet s\u00e4\u00e4nn\u00f6t 2015<\/a><\/p>\n","protected":false},"excerpt":{"rendered":"<p>KBF s\u00e4\u00e4nn\u00f6t suomeksi Uudet s\u00e4\u00e4nn\u00f6t 2015<\/p>\n","protected":false},"author":11,"featured_media":0,"parent":103,"menu_order":0,"comment_status":"closed","ping_status":"closed","template":"","meta":{"footnotes":""},"class_list":["post-237","page","type-page","status-publish","hentry"],"_links":{"self":[{"href":"https:\/\/www.kopbacka.fi\/fi\/wp-json\/wp\/v2\/pages\/237","targetHints":{"allow":["GET"]}}],"collection":[{"href":"https:\/\/www.kopbacka.fi\/fi\/wp-json\/wp\/v2\/pages"}],"about":[{"href":"https:\/\/www.kopbacka.fi\/fi\/wp-json\/wp\/v2\/types\/page"}],"author":[{"embeddable":true,"href":"https:\/\/www.kopbacka.fi\/fi\/wp-json\/wp\/v2\/users\/11"}],"replies":[{"embeddable":true,"href":"https:\/\/www.kopbacka.fi\/fi\/wp-json\/wp\/v2\/comments?post=237"}],"version-history":[{"count":5,"href":"https:\/\/www.kopbacka.fi\/fi\/wp-json\/wp\/v2\/pages\/237\/revisions"}],"predecessor-version":[{"id":2475,"href":"https:\/\/www.kopbacka.fi\/fi\/wp-json\/wp\/v2\/pages\/237\/revisions\/2475"}],"up":[{"embeddable":true,"href":"https:\/\/www.kopbacka.fi\/fi\/wp-json\/wp\/v2\/pages\/103"}],"wp:attachment":[{"href":"https:\/\/www.kopbacka.fi\/fi\/wp-json\/wp\/v2\/media?parent=237"}],"curies":[{"name":"wp","href":"https:\/\/api.w.org\/{rel}","templated":true}]}}