{"id":232,"date":"2014-10-13T21:15:25","date_gmt":"2014-10-13T18:15:25","guid":{"rendered":"http:\/\/www.itukylat.fi\/kopbacka\/?page_id=232"},"modified":"2026-02-07T18:25:53","modified_gmt":"2026-02-07T16:25:53","slug":"yhteystiedot","status":"publish","type":"page","link":"https:\/\/www.kopbacka.fi\/fi\/kylayhdistys\/yhteystiedot\/","title":{"rendered":"Yhteystiedot"},"content":{"rendered":"<p><strong>Hallituksen j\u00e4senet 2025<br \/>\n<\/strong>Th\u00e9r\u00e8se Merihein\u00e4, puheenjohtaja, puh. 040 765 8010, kopbacka.byaforening(at)sulo.fi<br \/>\nPirjo Keskisaari-Grahn, varapuheenjohtaja<br \/>\nDitte Stenberg, sihteeri<br \/>\nDaniela Lindblom, rahastonhoitaja<br \/>\nBritta Engstr\u00f6m, j\u00e4senkirjuri<br \/>\nJohan Ek<br \/>\nTorger St\u00f8a<br \/>\nKenneth Pitk\u00e4nen<br \/>\nAlf Lindroos<br \/>\nPirkko J\u00e4rnstr\u00f6m<\/p>\n<p><strong>Koulun vuokraaminen <\/strong>Alf Lindroos, puh. 040 5517933<\/p>\n<p><strong>Tukiyhdistys<\/strong> puheenjohtaja Johan Ek<\/p>\n<p><strong>Muut toimijat<\/strong>:<br \/>\nAlf Lindroos, talonmies<br \/>\nTommy Grahn, talonmies<br \/>\nIngmar Hansson, talonmies<br \/>\nInge Waihe, BigCill<br \/>\nTorger St\u00f8a, Oldboys<br \/>\nPirkko J\u00e4rnstr\u00f6m, webmaster<br \/>\nG\u00f6rel Engstr\u00f6m, tasapainoryhm\u00e4<\/p>\n","protected":false},"excerpt":{"rendered":"<p>Hallituksen j\u00e4senet 2025 Th\u00e9r\u00e8se Merihein\u00e4, puheenjohtaja, puh. 040 765 8010, kopbacka.byaforening(at)sulo.fi Pirjo Keskisaari-Grahn, varapuheenjohtaja Ditte Stenberg, sihteeri Daniela Lindblom, rahastonhoitaja Britta Engstr\u00f6m, j\u00e4senkirjuri Johan Ek Torger St\u00f8a Kenneth Pitk\u00e4nen Alf Lindroos Pirkko J\u00e4rnstr\u00f6m Koulun vuokraaminen Alf Lindroos, puh. 040 5517933 Tukiyhdistys puheenjohtaja Johan Ek Muut toimijat: Alf Lindroos, talonmies Tommy Grahn, talonmies Ingmar Hansson, talonmies [&hellip;]<\/p>\n","protected":false},"author":11,"featured_media":0,"parent":103,"menu_order":0,"comment_status":"closed","ping_status":"closed","template":"","meta":{"footnotes":""},"class_list":["post-232","page","type-page","status-publish","hentry"],"_links":{"self":[{"href":"https:\/\/www.kopbacka.fi\/fi\/wp-json\/wp\/v2\/pages\/232","targetHints":{"allow":["GET"]}}],"collection":[{"href":"https:\/\/www.kopbacka.fi\/fi\/wp-json\/wp\/v2\/pages"}],"about":[{"href":"https:\/\/www.kopbacka.fi\/fi\/wp-json\/wp\/v2\/types\/page"}],"author":[{"embeddable":true,"href":"https:\/\/www.kopbacka.fi\/fi\/wp-json\/wp\/v2\/users\/11"}],"replies":[{"embeddable":true,"href":"https:\/\/www.kopbacka.fi\/fi\/wp-json\/wp\/v2\/comments?post=232"}],"version-history":[{"count":13,"href":"https:\/\/www.kopbacka.fi\/fi\/wp-json\/wp\/v2\/pages\/232\/revisions"}],"predecessor-version":[{"id":3021,"href":"https:\/\/www.kopbacka.fi\/fi\/wp-json\/wp\/v2\/pages\/232\/revisions\/3021"}],"up":[{"embeddable":true,"href":"https:\/\/www.kopbacka.fi\/fi\/wp-json\/wp\/v2\/pages\/103"}],"wp:attachment":[{"href":"https:\/\/www.kopbacka.fi\/fi\/wp-json\/wp\/v2\/media?parent=232"}],"curies":[{"name":"wp","href":"https:\/\/api.w.org\/{rel}","templated":true}]}}