{"id":228,"date":"2014-10-13T21:13:07","date_gmt":"2014-10-13T18:13:07","guid":{"rendered":"http:\/\/www.itukylat.fi\/kopbacka\/?page_id=228"},"modified":"2026-02-07T18:36:58","modified_gmt":"2026-02-07T16:36:58","slug":"toimikunnat","status":"publish","type":"page","link":"https:\/\/www.kopbacka.fi\/fi\/kylayhdistys\/toimikunnat\/","title":{"rendered":"Ty\u00f6ryhm\u00e4t"},"content":{"rendered":"<p><strong>Talkooryhm\u00e4: <\/strong>Kokoonkutsuja Kenneth Pitk\u00e4nen, Hannu Vuoj\u00e4rvi,\u00a0 Alf Lindroos, Tommy Grahn, Paul Lindroos, Torger St\u00f8a, Caj Brygger, Ingmar Hansson, Dick Weissman, Henrik Lindblom, Christer Calenius<\/p>\n<p class=\"p1\"><i>kokoontuu tiistaisin <\/i><i>tarvittaessa klo 9 suorittaa kunnossapito- ja talkoot\u00f6it\u00e4<\/i><\/p>\n<p><strong>Keitti\u00f6ryhm\u00e4:<\/strong> Vet\u00e4j\u00e4 Christine Barsas, Anna Holmstr\u00f6m, Th\u00e9r\u00e8se Merihein\u00e4, Betty Bergholm, Pirjo Keskisaari-Grahn, Ditte Stenberg, Inge Waihe<\/p>\n<p class=\"p1\"><i>kokoontuu tarvittaessa: -hoitaa mm. yhdistyksen tilaisuuksien tarjoilut<\/i><\/p>\n<p><strong>Yhdistyksen 25-v. Historiaryhm\u00e4<\/strong>: G\u00f6rel Engstr\u00f6m, Synn\u00f6ve Bergholm-Kullstr\u00f6m, Erkki L\u00f6nnqvist, Alf Lindroos, Pirjo Keskisaari-Grahn<\/p>\n<p><strong>Lapset ja nuoriso:<\/strong> t\u00e4ll\u00e4 hetkell\u00e4 ei toimintaa<\/p>\n<p><strong>Kylien suunnittelu<\/strong><\/p>\n","protected":false},"excerpt":{"rendered":"<p>Talkooryhm\u00e4: Kokoonkutsuja Kenneth Pitk\u00e4nen, Hannu Vuoj\u00e4rvi,\u00a0 Alf Lindroos, Tommy Grahn, Paul Lindroos, Torger St\u00f8a, Caj Brygger, Ingmar Hansson, Dick Weissman, Henrik Lindblom, Christer Calenius kokoontuu tiistaisin tarvittaessa klo 9 suorittaa kunnossapito- ja talkoot\u00f6it\u00e4 Keitti\u00f6ryhm\u00e4: Vet\u00e4j\u00e4 Christine Barsas, Anna Holmstr\u00f6m, Th\u00e9r\u00e8se Merihein\u00e4, Betty Bergholm, Pirjo Keskisaari-Grahn, Ditte Stenberg, Inge Waihe kokoontuu tarvittaessa: -hoitaa mm. yhdistyksen tilaisuuksien [&hellip;]<\/p>\n","protected":false},"author":11,"featured_media":0,"parent":103,"menu_order":0,"comment_status":"closed","ping_status":"closed","template":"","meta":{"footnotes":""},"class_list":["post-228","page","type-page","status-publish","hentry"],"_links":{"self":[{"href":"https:\/\/www.kopbacka.fi\/fi\/wp-json\/wp\/v2\/pages\/228","targetHints":{"allow":["GET"]}}],"collection":[{"href":"https:\/\/www.kopbacka.fi\/fi\/wp-json\/wp\/v2\/pages"}],"about":[{"href":"https:\/\/www.kopbacka.fi\/fi\/wp-json\/wp\/v2\/types\/page"}],"author":[{"embeddable":true,"href":"https:\/\/www.kopbacka.fi\/fi\/wp-json\/wp\/v2\/users\/11"}],"replies":[{"embeddable":true,"href":"https:\/\/www.kopbacka.fi\/fi\/wp-json\/wp\/v2\/comments?post=228"}],"version-history":[{"count":10,"href":"https:\/\/www.kopbacka.fi\/fi\/wp-json\/wp\/v2\/pages\/228\/revisions"}],"predecessor-version":[{"id":3032,"href":"https:\/\/www.kopbacka.fi\/fi\/wp-json\/wp\/v2\/pages\/228\/revisions\/3032"}],"up":[{"embeddable":true,"href":"https:\/\/www.kopbacka.fi\/fi\/wp-json\/wp\/v2\/pages\/103"}],"wp:attachment":[{"href":"https:\/\/www.kopbacka.fi\/fi\/wp-json\/wp\/v2\/media?parent=228"}],"curies":[{"name":"wp","href":"https:\/\/api.w.org\/{rel}","templated":true}]}}