{"id":218,"date":"2014-10-13T21:06:54","date_gmt":"2014-10-13T18:06:54","guid":{"rendered":"http:\/\/www.itukylat.fi\/kopbacka\/?page_id=218"},"modified":"2026-02-07T17:31:18","modified_gmt":"2026-02-07T15:31:18","slug":"toiminta","status":"publish","type":"page","link":"https:\/\/www.kopbacka.fi\/fi\/kylayhdistys\/toiminta\/","title":{"rendered":"Toiminta"},"content":{"rendered":"<h3>Kyl\u00e4yhdistyksen toimintasuunnitelma vuodelle 2026<\/h3>\n<pre>15.2.  su  Laskiaistapahtuma klo 12-14 pulkkam\u00e4ess\u00e4 Harjunlaella ja \r\n           klo 13-15 hernekeittoa Sm\u00e5skolalla\r\n7.3.   la  Voi hyvin -p\u00e4iv\u00e4 klo 12 - 15\r\n21.3.  la  Virkistysmatka Fazer Experience Vierailukeskukseen Vantaalle\r\n29.3.  su  P\u00e4\u00e4si\u00e4ismyyj\u00e4iset klo 14-16\r\n19.4.  su  Kev\u00e4tkokous klo 17 \r\n7.5.   to  Sm\u00e5skolan piha-alueen kev\u00e4tsiivous ja \r\n           roskien ker\u00e4\u00e4minen kyl\u00e4teiden varsilta klo 17 alkaen\r\n11.6.  to \u00a0Rantaongintakilpailu klo 18 alkaen Patunan rannassa\r\n6.8.   to  Yhteislauluilta klo 18-20 \r\n11.10. su  Syysmarkkinat klo 14-16\r\n25.10. su  Syyskokous klo 17-19\r\n28.11. la  Joulujuhla klo 17\r\n19.12. la  Joulumyyj\u00e4iset klo 15-17 <strong> \u00a0 \u00a0 \u00a0 \u00a0 \u00a0 \u00a0 \u00a0 \u00a0 \u00a0\u00a0<\/strong><\/pre>\n<h3><strong>\u00a0 Muu toiminta koululla<\/strong><\/h3>\n<h3><strong><a href=\"https:\/\/www.kopbacka.fi\/wp-content\/uploads\/sites\/15\/2014\/10\/Bigcill-damerna-20141.jpg\"><img loading=\"lazy\" decoding=\"async\" class=\"size-full wp-image-466 alignleft\" src=\"https:\/\/www.kopbacka.fi\/wp-content\/uploads\/sites\/15\/2014\/10\/Bigcill-damerna-20141.jpg\" alt=\"Bigcill damerna 2014\" width=\"640\" height=\"359\" srcset=\"https:\/\/www.kopbacka.fi\/wp-content\/uploads\/sites\/15\/2014\/10\/Bigcill-damerna-20141.jpg 640w, https:\/\/www.kopbacka.fi\/wp-content\/uploads\/sites\/15\/2014\/10\/Bigcill-damerna-20141-300x168.jpg 300w\" sizes=\"auto, (max-width: 640px) 100vw, 640px\" \/><\/a><\/strong><\/h3>\n<p><strong>Big Cill <\/strong>kokoontuu maanantaisin klo 13:00-15:30 tekem\u00e4\u00e4n k\u00e4sit\u00f6it\u00e4, ja osallistuu myyj\u00e4isten valmisteluun.<br \/>\n<strong>Oldboys<\/strong> <strong>kerho<\/strong> tapaa kerran kuukaudessa, aina viimeisen\u00e4 maanantaina klo 13:00 alkaen. Kerho tekee vierailuja eri paikkoihin, j\u00e4rjest\u00e4\u00e4 pilkki- ja rantaongintakilpailun sek\u00e4 erilaisia askareita. Toivovat uusia j\u00e4seni\u00e4 mukaan toimintaan.<\/p>\n<p><strong>R\u00e4fsby-K\u00f6pbacka marthakrets <\/strong>kokoontuu joka kuukauden toisena tiistaina klo 13:00-16:00.<br \/>\n<strong>Lovisa marthorna <\/strong>kokoontuu kuukauden viimeisen\u00e4 maanantaina klo 18:00.<br \/>\n<strong>Lovisa Nya Marthakrets<\/strong> kokoontuu kuukauden viimeisen\u00e4 tiistaina klo 14:00<\/p>\n<p><strong>Tasapainoryhm\u00e4<\/strong>\u00a0 harjoittelee kev\u00e4\u00e4ll\u00e4 ja syksyll\u00e4 torstaisin klo 10:00.<\/p>\n<p>Yhdistyksell\u00e4 on my\u00f6s kirjasto monine hienoine kirjoineen. Lainaus j\u00e4rjestyy tarvittaessa.<\/p>\n<p><strong>Seuraa ilmoituksia ilmoitustauluilla, Facebookissa ja seurat ja j\u00e4rjest\u00f6t -palstalla Loviisan sanomissa.<\/strong><\/p>\n","protected":false},"excerpt":{"rendered":"<p>Kyl\u00e4yhdistyksen toimintasuunnitelma vuodelle 2026 15.2. su Laskiaistapahtuma klo 12-14 pulkkam\u00e4ess\u00e4 Harjunlaella ja klo 13-15 hernekeittoa Sm\u00e5skolalla 7.3. la Voi hyvin -p\u00e4iv\u00e4 klo 12 &#8211; 15 21.3. la Virkistysmatka Fazer Experience Vierailukeskukseen Vantaalle 29.3. su P\u00e4\u00e4si\u00e4ismyyj\u00e4iset klo 14-16 19.4. su Kev\u00e4tkokous klo 17 7.5. to Sm\u00e5skolan piha-alueen kev\u00e4tsiivous ja roskien ker\u00e4\u00e4minen kyl\u00e4teiden varsilta klo 17 alkaen [&hellip;]<\/p>\n","protected":false},"author":11,"featured_media":466,"parent":103,"menu_order":0,"comment_status":"closed","ping_status":"closed","template":"","meta":{"footnotes":""},"class_list":["post-218","page","type-page","status-publish","has-post-thumbnail","hentry"],"_links":{"self":[{"href":"https:\/\/www.kopbacka.fi\/fi\/wp-json\/wp\/v2\/pages\/218","targetHints":{"allow":["GET"]}}],"collection":[{"href":"https:\/\/www.kopbacka.fi\/fi\/wp-json\/wp\/v2\/pages"}],"about":[{"href":"https:\/\/www.kopbacka.fi\/fi\/wp-json\/wp\/v2\/types\/page"}],"author":[{"embeddable":true,"href":"https:\/\/www.kopbacka.fi\/fi\/wp-json\/wp\/v2\/users\/11"}],"replies":[{"embeddable":true,"href":"https:\/\/www.kopbacka.fi\/fi\/wp-json\/wp\/v2\/comments?post=218"}],"version-history":[{"count":18,"href":"https:\/\/www.kopbacka.fi\/fi\/wp-json\/wp\/v2\/pages\/218\/revisions"}],"predecessor-version":[{"id":3003,"href":"https:\/\/www.kopbacka.fi\/fi\/wp-json\/wp\/v2\/pages\/218\/revisions\/3003"}],"up":[{"embeddable":true,"href":"https:\/\/www.kopbacka.fi\/fi\/wp-json\/wp\/v2\/pages\/103"}],"wp:featuredmedia":[{"embeddable":true,"href":"https:\/\/www.kopbacka.fi\/fi\/wp-json\/wp\/v2\/media\/466"}],"wp:attachment":[{"href":"https:\/\/www.kopbacka.fi\/fi\/wp-json\/wp\/v2\/media?parent=218"}],"curies":[{"name":"wp","href":"https:\/\/api.w.org\/{rel}","templated":true}]}}