{"id":2162,"date":"2022-06-10T22:29:30","date_gmt":"2022-06-10T19:29:30","guid":{"rendered":"https:\/\/www.kopbacka.fi\/?page_id=2162"},"modified":"2022-06-10T22:29:30","modified_gmt":"2022-06-10T19:29:30","slug":"vuoden-aktiivi-2021","status":"publish","type":"page","link":"https:\/\/www.kopbacka.fi\/fi\/vuoden-aktiivi-2021\/","title":{"rendered":"Vuoden aktiivi 2021"},"content":{"rendered":"<p><img loading=\"lazy\" decoding=\"async\" class=\"aligncenter size-medium wp-image-2134\" src=\"https:\/\/www.kopbacka.fi\/wp-content\/uploads\/sites\/15\/2022\/02\/Arets-aktiv-225x300.jpg\" alt=\"\" width=\"225\" height=\"300\" data-id=\"2134\" srcset=\"https:\/\/www.kopbacka.fi\/wp-content\/uploads\/sites\/15\/2022\/02\/Arets-aktiv-225x300.jpg 225w, https:\/\/www.kopbacka.fi\/wp-content\/uploads\/sites\/15\/2022\/02\/Arets-aktiv.jpg 480w\" sizes=\"auto, (max-width: 225px) 100vw, 225px\" \/>Loviisan hyvinvointilautakunta valitsi Vuoden 2021 Aktiiviksi Tommy Grahnin. Laskiaissunnuntaina 27.2.2022 h\u00e4n sai vastaanottaa palkintonsa kulttuuri- ja vapaa-aikatoimen johtaja Leif Erikssonilta ja vapaa-aikaohjaaja Karolina Hovilta.<\/p>\n<p>Tommy on vuosien varrella pit\u00e4nyt pulkkam\u00e4kemme laskettelukunnossa ensilumesta l\u00e4htien siihen asti ett\u00e4 kev\u00e4taurinko sulattaa ne pois. Varsinkin viimeisin\u00e4 \u201dkorona\u201d-talvina se on ollut monelle harrastajalle hyvin t\u00e4rke\u00e4 p\u00e4\u00e4st\u00e4 laskemaan m\u00e4ke\u00e4 kun moni muu harrastusmuoto on ollut suljettuna.<\/p>\n","protected":false},"excerpt":{"rendered":"<p>Loviisan hyvinvointilautakunta valitsi Vuoden 2021 Aktiiviksi Tommy Grahnin. Laskiaissunnuntaina 27.2.2022 h\u00e4n sai vastaanottaa palkintonsa kulttuuri- ja vapaa-aikatoimen johtaja Leif Erikssonilta ja vapaa-aikaohjaaja Karolina Hovilta. Tommy on vuosien varrella pit\u00e4nyt pulkkam\u00e4kemme laskettelukunnossa ensilumesta l\u00e4htien siihen asti ett\u00e4 kev\u00e4taurinko sulattaa ne pois. Varsinkin viimeisin\u00e4 \u201dkorona\u201d-talvina se on ollut monelle harrastajalle hyvin t\u00e4rke\u00e4 p\u00e4\u00e4st\u00e4 laskemaan m\u00e4ke\u00e4 kun moni [&hellip;]<\/p>\n","protected":false},"author":11,"featured_media":0,"parent":0,"menu_order":0,"comment_status":"closed","ping_status":"closed","template":"","meta":{"footnotes":""},"class_list":["post-2162","page","type-page","status-publish","hentry"],"_links":{"self":[{"href":"https:\/\/www.kopbacka.fi\/fi\/wp-json\/wp\/v2\/pages\/2162","targetHints":{"allow":["GET"]}}],"collection":[{"href":"https:\/\/www.kopbacka.fi\/fi\/wp-json\/wp\/v2\/pages"}],"about":[{"href":"https:\/\/www.kopbacka.fi\/fi\/wp-json\/wp\/v2\/types\/page"}],"author":[{"embeddable":true,"href":"https:\/\/www.kopbacka.fi\/fi\/wp-json\/wp\/v2\/users\/11"}],"replies":[{"embeddable":true,"href":"https:\/\/www.kopbacka.fi\/fi\/wp-json\/wp\/v2\/comments?post=2162"}],"version-history":[{"count":1,"href":"https:\/\/www.kopbacka.fi\/fi\/wp-json\/wp\/v2\/pages\/2162\/revisions"}],"predecessor-version":[{"id":2164,"href":"https:\/\/www.kopbacka.fi\/fi\/wp-json\/wp\/v2\/pages\/2162\/revisions\/2164"}],"wp:attachment":[{"href":"https:\/\/www.kopbacka.fi\/fi\/wp-json\/wp\/v2\/media?parent=2162"}],"curies":[{"name":"wp","href":"https:\/\/api.w.org\/{rel}","templated":true}]}}