{"id":212,"date":"2014-10-13T20:58:45","date_gmt":"2014-10-13T17:58:45","guid":{"rendered":"http:\/\/www.itukylat.fi\/kopbacka\/?page_id=212"},"modified":"2025-10-26T19:30:26","modified_gmt":"2025-10-26T17:30:26","slug":"vuokraus","status":"publish","type":"page","link":"https:\/\/www.kopbacka.fi\/fi\/alakoulu\/vuokraus\/","title":{"rendered":"Sm\u00e5skolan vuokraus"},"content":{"rendered":"<p>Kyl\u00e4yhdistyksen tiloja vuokrataan kyl\u00e4yhdistyksen j\u00e4senille, kyl\u00e4l\u00e4isille ja my\u00f6s muille kiinnostuneille kokousten, perhejuhlien ja muiden pienimuotoisten juhlatilaisuuksien j\u00e4rjest\u00e4miseen. Saatavilla olevat kokousv\u00e4lineet: videotykki, valkokangas ja langaton verkkoyhteys.<\/p>\n<p>Tiedustelut ja varaukset: Alf Lindroos puh. 040 5517933<\/p>\n<p><strong><a href=\"https:\/\/www.kopbacka.fi\/wp-content\/uploads\/sites\/15\/2025\/10\/KKY_vuokrasopimus.pdf\" target=\"_blank\" rel=\"noopener\">Vuokrasopimus<\/a><\/strong><\/p>\n<div id=\"attachment_1970\" style=\"width: 1034px\" class=\"wp-caption aligncenter\"><img loading=\"lazy\" decoding=\"async\" aria-describedby=\"caption-attachment-1970\" class=\"wp-image-1970 size-large\" src=\"https:\/\/www.kopbacka.fi\/wp-content\/uploads\/sites\/15\/2021\/03\/2018-Nya-bord--1024x768.jpg\" alt=\"\" width=\"1024\" height=\"768\" data-id=\"1970\" srcset=\"https:\/\/www.kopbacka.fi\/wp-content\/uploads\/sites\/15\/2021\/03\/2018-Nya-bord--1024x768.jpg 1024w, https:\/\/www.kopbacka.fi\/wp-content\/uploads\/sites\/15\/2021\/03\/2018-Nya-bord--300x225.jpg 300w, https:\/\/www.kopbacka.fi\/wp-content\/uploads\/sites\/15\/2021\/03\/2018-Nya-bord--768x576.jpg 768w, https:\/\/www.kopbacka.fi\/wp-content\/uploads\/sites\/15\/2021\/03\/2018-Nya-bord--1536x1152.jpg 1536w, https:\/\/www.kopbacka.fi\/wp-content\/uploads\/sites\/15\/2021\/03\/2018-Nya-bord--2048x1536.jpg 2048w\" sizes=\"auto, (max-width: 1024px) 100vw, 1024px\" \/><p id=\"caption-attachment-1970\" class=\"wp-caption-text\">Salin kalusteet uusittu v.2018<\/p><\/div>\n<div id=\"attachment_1993\" style=\"width: 970px\" class=\"wp-caption aligncenter\"><img loading=\"lazy\" decoding=\"async\" aria-describedby=\"caption-attachment-1993\" class=\"wp-image-1993 size-full\" src=\"https:\/\/www.kopbacka.fi\/wp-content\/uploads\/sites\/15\/2021\/03\/Salen-2019.foto-H.Naumanen.jpg\" alt=\"\" width=\"960\" height=\"720\" data-id=\"1993\" srcset=\"https:\/\/www.kopbacka.fi\/wp-content\/uploads\/sites\/15\/2021\/03\/Salen-2019.foto-H.Naumanen.jpg 960w, https:\/\/www.kopbacka.fi\/wp-content\/uploads\/sites\/15\/2021\/03\/Salen-2019.foto-H.Naumanen-300x225.jpg 300w, https:\/\/www.kopbacka.fi\/wp-content\/uploads\/sites\/15\/2021\/03\/Salen-2019.foto-H.Naumanen-768x576.jpg 768w\" sizes=\"auto, (max-width: 960px) 100vw, 960px\" \/><p id=\"caption-attachment-1993\" class=\"wp-caption-text\">Juhlakattaus<\/p><\/div>\n<p>Vain mielikuvitus on rajana&#8230;.<\/p>\n<p><a href=\"https:\/\/www.kopbacka.fi\/wp-content\/uploads\/sites\/15\/2025\/01\/Kuva-4.jpg\"><img loading=\"lazy\" decoding=\"async\" class=\"alignnone wp-image-2768 size-medium\" src=\"https:\/\/www.kopbacka.fi\/wp-content\/uploads\/sites\/15\/2025\/01\/Kuva-4-169x300.jpg\" alt=\"\" width=\"169\" height=\"300\" data-id=\"2768\" srcset=\"https:\/\/www.kopbacka.fi\/wp-content\/uploads\/sites\/15\/2025\/01\/Kuva-4-169x300.jpg 169w, https:\/\/www.kopbacka.fi\/wp-content\/uploads\/sites\/15\/2025\/01\/Kuva-4-576x1024.jpg 576w, https:\/\/www.kopbacka.fi\/wp-content\/uploads\/sites\/15\/2025\/01\/Kuva-4-768x1365.jpg 768w, https:\/\/www.kopbacka.fi\/wp-content\/uploads\/sites\/15\/2025\/01\/Kuva-4-864x1536.jpg 864w, https:\/\/www.kopbacka.fi\/wp-content\/uploads\/sites\/15\/2025\/01\/Kuva-4.jpg 1152w\" sizes=\"auto, (max-width: 169px) 100vw, 169px\" \/><\/a> <a href=\"https:\/\/www.kopbacka.fi\/wp-content\/uploads\/sites\/15\/2025\/01\/Kuva-3.jpg\">\u00a0<\/a><a href=\"https:\/\/www.kopbacka.fi\/wp-content\/uploads\/sites\/15\/2025\/01\/Kuva-2.jpg\">\u00a0\u00a0<img loading=\"lazy\" decoding=\"async\" class=\"alignnone size-medium wp-image-2764\" src=\"https:\/\/www.kopbacka.fi\/wp-content\/uploads\/sites\/15\/2025\/01\/Kuva-2-300x169.jpg\" alt=\"\" width=\"300\" height=\"169\" data-id=\"2764\" srcset=\"https:\/\/www.kopbacka.fi\/wp-content\/uploads\/sites\/15\/2025\/01\/Kuva-2-300x169.jpg 300w, https:\/\/www.kopbacka.fi\/wp-content\/uploads\/sites\/15\/2025\/01\/Kuva-2-1024x576.jpg 1024w, https:\/\/www.kopbacka.fi\/wp-content\/uploads\/sites\/15\/2025\/01\/Kuva-2-768x432.jpg 768w, https:\/\/www.kopbacka.fi\/wp-content\/uploads\/sites\/15\/2025\/01\/Kuva-2-1536x864.jpg 1536w, https:\/\/www.kopbacka.fi\/wp-content\/uploads\/sites\/15\/2025\/01\/Kuva-2.jpg 2048w\" sizes=\"auto, (max-width: 300px) 100vw, 300px\" \/><\/a><\/p>\n<p><a href=\"https:\/\/www.kopbacka.fi\/wp-content\/uploads\/sites\/15\/2025\/01\/Kuva-1.jpg\"><img loading=\"lazy\" decoding=\"async\" class=\"alignnone size-medium wp-image-2762\" src=\"https:\/\/www.kopbacka.fi\/wp-content\/uploads\/sites\/15\/2025\/01\/Kuva-1-300x225.jpg\" alt=\"\" width=\"300\" height=\"225\" data-id=\"2762\" srcset=\"https:\/\/www.kopbacka.fi\/wp-content\/uploads\/sites\/15\/2025\/01\/Kuva-1-300x225.jpg 300w, https:\/\/www.kopbacka.fi\/wp-content\/uploads\/sites\/15\/2025\/01\/Kuva-1-1024x768.jpg 1024w, https:\/\/www.kopbacka.fi\/wp-content\/uploads\/sites\/15\/2025\/01\/Kuva-1-768x576.jpg 768w, https:\/\/www.kopbacka.fi\/wp-content\/uploads\/sites\/15\/2025\/01\/Kuva-1-1536x1152.jpg 1536w, https:\/\/www.kopbacka.fi\/wp-content\/uploads\/sites\/15\/2025\/01\/Kuva-1.jpg 1600w\" sizes=\"auto, (max-width: 300px) 100vw, 300px\" \/>\u00a0\u00a0\u00a0\u00a0 <\/a><a href=\"https:\/\/www.kopbacka.fi\/wp-content\/uploads\/sites\/15\/2025\/01\/Kuva-3.jpg\"><img loading=\"lazy\" decoding=\"async\" class=\"alignnone size-medium wp-image-2766\" src=\"https:\/\/www.kopbacka.fi\/wp-content\/uploads\/sites\/15\/2025\/01\/Kuva-3-300x225.jpg\" alt=\"\" width=\"300\" height=\"225\" data-id=\"2766\" srcset=\"https:\/\/www.kopbacka.fi\/wp-content\/uploads\/sites\/15\/2025\/01\/Kuva-3-300x225.jpg 300w, https:\/\/www.kopbacka.fi\/wp-content\/uploads\/sites\/15\/2025\/01\/Kuva-3-1024x768.jpg 1024w, https:\/\/www.kopbacka.fi\/wp-content\/uploads\/sites\/15\/2025\/01\/Kuva-3-768x576.jpg 768w, https:\/\/www.kopbacka.fi\/wp-content\/uploads\/sites\/15\/2025\/01\/Kuva-3-1536x1152.jpg 1536w, https:\/\/www.kopbacka.fi\/wp-content\/uploads\/sites\/15\/2025\/01\/Kuva-3.jpg 1600w\" sizes=\"auto, (max-width: 300px) 100vw, 300px\" \/><\/a><\/p>\n","protected":false},"excerpt":{"rendered":"<p>Kyl\u00e4yhdistyksen tiloja vuokrataan kyl\u00e4yhdistyksen j\u00e4senille, kyl\u00e4l\u00e4isille ja my\u00f6s muille kiinnostuneille kokousten, perhejuhlien ja muiden pienimuotoisten juhlatilaisuuksien j\u00e4rjest\u00e4miseen. Saatavilla olevat kokousv\u00e4lineet: videotykki, valkokangas ja langaton verkkoyhteys. Tiedustelut ja varaukset: Alf Lindroos puh. 040 5517933 Vuokrasopimus Vain mielikuvitus on rajana&#8230;. \u00a0\u00a0\u00a0 \u00a0\u00a0\u00a0\u00a0<\/p>\n","protected":false},"author":11,"featured_media":0,"parent":140,"menu_order":2,"comment_status":"closed","ping_status":"closed","template":"","meta":{"footnotes":""},"class_list":["post-212","page","type-page","status-publish","hentry"],"_links":{"self":[{"href":"https:\/\/www.kopbacka.fi\/fi\/wp-json\/wp\/v2\/pages\/212","targetHints":{"allow":["GET"]}}],"collection":[{"href":"https:\/\/www.kopbacka.fi\/fi\/wp-json\/wp\/v2\/pages"}],"about":[{"href":"https:\/\/www.kopbacka.fi\/fi\/wp-json\/wp\/v2\/types\/page"}],"author":[{"embeddable":true,"href":"https:\/\/www.kopbacka.fi\/fi\/wp-json\/wp\/v2\/users\/11"}],"replies":[{"embeddable":true,"href":"https:\/\/www.kopbacka.fi\/fi\/wp-json\/wp\/v2\/comments?post=212"}],"version-history":[{"count":11,"href":"https:\/\/www.kopbacka.fi\/fi\/wp-json\/wp\/v2\/pages\/212\/revisions"}],"predecessor-version":[{"id":2947,"href":"https:\/\/www.kopbacka.fi\/fi\/wp-json\/wp\/v2\/pages\/212\/revisions\/2947"}],"up":[{"embeddable":true,"href":"https:\/\/www.kopbacka.fi\/fi\/wp-json\/wp\/v2\/pages\/140"}],"wp:attachment":[{"href":"https:\/\/www.kopbacka.fi\/fi\/wp-json\/wp\/v2\/media?parent=212"}],"curies":[{"name":"wp","href":"https:\/\/api.w.org\/{rel}","templated":true}]}}