{"id":201,"date":"2014-10-13T20:51:57","date_gmt":"2014-10-13T17:51:57","guid":{"rendered":"http:\/\/www.itukylat.fi\/kopbacka\/?page_id=201"},"modified":"2021-10-14T12:21:01","modified_gmt":"2021-10-14T09:21:01","slug":"historia","status":"publish","type":"page","link":"https:\/\/www.kopbacka.fi\/fi\/alakoulu\/historia\/","title":{"rendered":"Historia"},"content":{"rendered":"<div id=\"attachment_202\" style=\"width: 287px\" class=\"wp-caption alignright\"><img loading=\"lazy\" decoding=\"async\" aria-describedby=\"caption-attachment-202\" class=\"size-full wp-image-202\" src=\"https:\/\/www.kopbacka.fi\/wp-content\/uploads\/sites\/15\/2014\/10\/alakoulu-vanha.jpg\" alt=\"Alakoulu ennen 1900-luvun puoliv\u00e4li\u00e4.\" width=\"277\" height=\"201\" data-id=\"202\" \/><p id=\"caption-attachment-202\" class=\"wp-caption-text\">Alakoulu ennen 1900-luvun puoliv\u00e4li\u00e4.<\/p><\/div>\n<p>K\u00f6pbackassa aloitettiin kouluopetus 1882 ja ensimm\u00e4inen, kyl\u00e4l\u00e4isten itse rakentama koulutalo oli valmis 1884. Maria Sandell oli koulun ensimm\u00e4inen opettajatar. Yl\u00e4koulu saatiin valmiiksi 1913, jossa koulutoimi jatkui aina 1970-luvulle. Koulun lakkauttamisen j\u00e4lkeen alaluokat siirtyiv\u00e4t Valkom kvarterskolaniin ja luokat 5 ja 6 Loviisan ruotsinkieliseen kansakouluun.<\/p>\n<p>Vuoden 1957 aluejaossa, Loviisaan yhdistymisen j\u00e4lkeen, j\u00e4i osa Haravankyl\u00e4\u00e4 Pernajan puolelle. Pernajan puolella asuvista Haravankyl\u00e4n lapsista ruotsinkieliset siirtyiv\u00e4t\u00a0 aluksi Sarvilahden kouluun, josta my\u00f6hemmin Haddomin kouluun ja suomenkieliset\u00a0joutuivat siirtym\u00e4\u00e4n\u00a0Valkon koulusta Koskenkyl\u00e4n suomenkieliseen kouluun.<\/p>\n<div id=\"attachment_203\" style=\"width: 211px\" class=\"wp-caption alignnone\"><img loading=\"lazy\" decoding=\"async\" aria-describedby=\"caption-attachment-203\" class=\"size-full wp-image-203\" src=\"https:\/\/www.kopbacka.fi\/wp-content\/uploads\/sites\/15\/2014\/10\/perhe.jpg\" alt=\"Opettaja Lennart Falk perheineen 1940.\" width=\"201\" height=\"296\" data-id=\"203\" \/><p id=\"caption-attachment-203\" class=\"wp-caption-text\">Opettaja Lennart Falk perheineen 1940.<\/p><\/div>\n<p><span style=\"color: #333333;font-family: Georgia, 'Times New Roman', 'Bitstream Charter', Times, serif\">Kiinteist\u00f6 oli Loviisan kaupungin\u00a0 omistuksessa \u00a0marraskuuhun vuonna 2013 saakka. Silloin allekirjoitettiin kauppakirja jolla yhdistyksest\u00e4 tuli koulurakennuksen omistaja.<\/span><\/p>\n<p>Koulurakennus on kyl\u00e4l\u00e4isten talkoilla rakentama vuonna 1884 ja voidaan viel\u00e4 t\u00e4n\u00e4 p\u00e4iv\u00e4n\u00e4 katsoa kylien \u00a0syd\u00e4meksi .\u00a0 Koulutoiminta lakkasi vuonna 1970, kaupat on suljettu ja el\u00e4m\u00e4 kyl\u00e4teiden varsilla on muuttunut.<\/p>\n","protected":false},"excerpt":{"rendered":"<p>K\u00f6pbackassa aloitettiin kouluopetus 1882 ja ensimm\u00e4inen, kyl\u00e4l\u00e4isten itse rakentama koulutalo oli valmis 1884. Maria Sandell oli koulun ensimm\u00e4inen opettajatar. Yl\u00e4koulu saatiin valmiiksi 1913, jossa koulutoimi jatkui aina 1970-luvulle. Koulun lakkauttamisen j\u00e4lkeen alaluokat siirtyiv\u00e4t Valkom kvarterskolaniin ja luokat 5 ja 6 Loviisan ruotsinkieliseen kansakouluun. Vuoden 1957 aluejaossa, Loviisaan yhdistymisen j\u00e4lkeen, j\u00e4i osa Haravankyl\u00e4\u00e4 Pernajan puolelle. Pernajan [&hellip;]<\/p>\n","protected":false},"author":11,"featured_media":0,"parent":140,"menu_order":1,"comment_status":"closed","ping_status":"closed","template":"","meta":{"footnotes":""},"class_list":["post-201","page","type-page","status-publish","hentry"],"_links":{"self":[{"href":"https:\/\/www.kopbacka.fi\/fi\/wp-json\/wp\/v2\/pages\/201","targetHints":{"allow":["GET"]}}],"collection":[{"href":"https:\/\/www.kopbacka.fi\/fi\/wp-json\/wp\/v2\/pages"}],"about":[{"href":"https:\/\/www.kopbacka.fi\/fi\/wp-json\/wp\/v2\/types\/page"}],"author":[{"embeddable":true,"href":"https:\/\/www.kopbacka.fi\/fi\/wp-json\/wp\/v2\/users\/11"}],"replies":[{"embeddable":true,"href":"https:\/\/www.kopbacka.fi\/fi\/wp-json\/wp\/v2\/comments?post=201"}],"version-history":[{"count":4,"href":"https:\/\/www.kopbacka.fi\/fi\/wp-json\/wp\/v2\/pages\/201\/revisions"}],"predecessor-version":[{"id":2061,"href":"https:\/\/www.kopbacka.fi\/fi\/wp-json\/wp\/v2\/pages\/201\/revisions\/2061"}],"up":[{"embeddable":true,"href":"https:\/\/www.kopbacka.fi\/fi\/wp-json\/wp\/v2\/pages\/140"}],"wp:attachment":[{"href":"https:\/\/www.kopbacka.fi\/fi\/wp-json\/wp\/v2\/media?parent=201"}],"curies":[{"name":"wp","href":"https:\/\/api.w.org\/{rel}","templated":true}]}}