{"id":159,"date":"2014-09-22T12:15:31","date_gmt":"2014-09-22T09:15:31","guid":{"rendered":"http:\/\/www.itukylat.fi\/kopbacka\/?page_id=159"},"modified":"2021-03-03T16:39:52","modified_gmt":"2021-03-03T14:39:52","slug":"muita-yhdistyksia","status":"publish","type":"page","link":"https:\/\/www.kopbacka.fi\/fi\/muita-yhdistyksia\/","title":{"rendered":"Muita yhdistyksi\u00e4"},"content":{"rendered":"<h4><strong>Yhdistystoimintaa K\u00f6pbackassa<\/strong><\/h4>\n<p>Nuorisoseura Hembygdens V\u00e4nner i syd\u00f6stra Pern\u00e5\u00a0perustettiin 1902 ja vuonna 1907 vihittiin k\u00e4ytt\u00f6\u00f6n oma nuorisoseurantalo, Fager\u00e5s joksi se my\u00f6hemmin kastettiin. Toiminta lopetettiin 1960-luvulla.<\/p>\n<p>Suojeluskuntatoimintaa oli kylien alueella vuosina 1918-1944. Kuuluimme Pern\u00e5 Marinskyddsk\u00e5r-suojeluskuntaan. Sotavuosien aikana kyliss\u00e4 harjoitettiin my\u00f6s Lotta Sv\u00e4rd-toimintaa.<\/p>\n<p>K\u00f6pbackan vapaapalokunta perustettiin 1937, mutta se yhdistyi Loviisan FBK:n kanssa vuonna 1957 Loviisan yhdistymisen aikaan.<\/p>\n<p>R\u00e4fsby-K\u00f6pbacka Marthaf\u00f6rening on perustettu 1945 ja viett\u00e4\u00e4 t\u00e4n\u00e4 vuonna 60-vuotista toimintaansa.<\/p>\n<p>Loviisan ruotsinkielinen poikapartio perusti oman osaston K\u00f6pbackaan heti sotien j\u00e4lkeen. Vilkkaimpien toimintavuosien aikana K\u00f6pbackassa toimi sek\u00e4 vartiot Uttern ja Bj\u00f6rnen ett\u00e4 vaeltajat Vildkatten. Poikapartion toiminta jatkui K\u00f6packassa l\u00e4hes 25 vuotta. 1960-luvun alkuvuosina toimi K\u00f6pbackassa my\u00f6s Loviisan ruotsinkielisen tytt\u00f6partion vartio R\u00e5ttan.<\/p>\n<p>Syksyll\u00e4 2000 perustettu K\u00f6pbacka byaf\u00f6rening \u2013 K\u00f6pbacan kyl\u00e4yhdistys rf, joka yhdess\u00e4 toimikuntiensa\u00a0 BigCill ja Oldboys edesauttaa yhdistysperinteiden s\u00e4ilymist\u00e4.<\/p>\n<p>&nbsp;<\/p>\n","protected":false},"excerpt":{"rendered":"<p>Yhdistystoimintaa K\u00f6pbackassa Nuorisoseura Hembygdens V\u00e4nner i syd\u00f6stra Pern\u00e5\u00a0perustettiin 1902 ja vuonna 1907 vihittiin k\u00e4ytt\u00f6\u00f6n oma nuorisoseurantalo, Fager\u00e5s joksi se my\u00f6hemmin kastettiin. Toiminta lopetettiin 1960-luvulla. Suojeluskuntatoimintaa oli kylien alueella vuosina 1918-1944. Kuuluimme Pern\u00e5 Marinskyddsk\u00e5r-suojeluskuntaan. Sotavuosien aikana kyliss\u00e4 harjoitettiin my\u00f6s Lotta Sv\u00e4rd-toimintaa. K\u00f6pbackan vapaapalokunta perustettiin 1937, mutta se yhdistyi Loviisan FBK:n kanssa vuonna 1957 Loviisan yhdistymisen aikaan. [&hellip;]<\/p>\n","protected":false},"author":11,"featured_media":0,"parent":0,"menu_order":0,"comment_status":"closed","ping_status":"closed","template":"","meta":{"footnotes":""},"class_list":["post-159","page","type-page","status-publish","hentry"],"_links":{"self":[{"href":"https:\/\/www.kopbacka.fi\/fi\/wp-json\/wp\/v2\/pages\/159","targetHints":{"allow":["GET"]}}],"collection":[{"href":"https:\/\/www.kopbacka.fi\/fi\/wp-json\/wp\/v2\/pages"}],"about":[{"href":"https:\/\/www.kopbacka.fi\/fi\/wp-json\/wp\/v2\/types\/page"}],"author":[{"embeddable":true,"href":"https:\/\/www.kopbacka.fi\/fi\/wp-json\/wp\/v2\/users\/11"}],"replies":[{"embeddable":true,"href":"https:\/\/www.kopbacka.fi\/fi\/wp-json\/wp\/v2\/comments?post=159"}],"version-history":[{"count":3,"href":"https:\/\/www.kopbacka.fi\/fi\/wp-json\/wp\/v2\/pages\/159\/revisions"}],"predecessor-version":[{"id":1963,"href":"https:\/\/www.kopbacka.fi\/fi\/wp-json\/wp\/v2\/pages\/159\/revisions\/1963"}],"wp:attachment":[{"href":"https:\/\/www.kopbacka.fi\/fi\/wp-json\/wp\/v2\/media?parent=159"}],"curies":[{"name":"wp","href":"https:\/\/api.w.org\/{rel}","templated":true}]}}