{"id":151,"date":"2014-09-22T12:09:41","date_gmt":"2014-09-22T09:09:41","guid":{"rendered":"http:\/\/www.itukylat.fi\/kopbacka\/?page_id=151"},"modified":"2014-10-13T22:07:39","modified_gmt":"2014-10-13T19:07:39","slug":"kylasuunnitelma","status":"publish","type":"page","link":"https:\/\/www.kopbacka.fi\/fi\/kylasuunnitelma\/","title":{"rendered":"Kyl\u00e4suunnitelma"},"content":{"rendered":"<p><img loading=\"lazy\" decoding=\"async\" class=\"alignright size-full wp-image-280\" src=\"https:\/\/www.kopbacka.fi\/wp-content\/uploads\/sites\/15\/2014\/10\/peltomaisema.jpg\" alt=\"peltomaisema\" width=\"300\" height=\"225\" data-id=\"280\" \/>Kyl\u00e4suunnitelma on valmiiksi kirjoitettu teksti, joka kertoo miten omaa kyl\u00e4yhteis\u00f6\u00e4 voi kehitt\u00e4\u00e4. Se sis\u00e4lt\u00e4\u00e4 niin visioita kuin konkreettisia toimenpiteit\u00e4kin. Kyl\u00e4suunnitelmaan voi sis\u00e4lty\u00e4 kyl\u00e4n historiaa, katsaus kyl\u00e4n nykytilaan, kyl\u00e4n vahvuudet, resurssit, uhat, heikkoudet ja tulevaisuudenvisiot sek\u00e4 suunnitelmat niiden toteuttamiseksi.<\/p>\n<p>Kyl\u00e4toiminta on spontaania kehitystoimintaa kyl\u00e4n asukkaiden kesken ja sen tarkoitus on lis\u00e4t\u00e4 kyl\u00e4yhteis\u00f6n elinvoimaa, asukkaiden viihtyvyytt\u00e4 sek\u00e4 vahvistaa yhteenkuuluvaisuuden tunnetta ja kyl\u00e4identiteetti\u00e4. Kyl\u00e4toiminta on asukkaiden yhteist\u00e4 toimintaa, joka on ammatista, sukupuolesta, kielest\u00e4, puoluepoliittisesta n\u00e4k\u00f6kannasta ja vapaa-ajan harrastuksista riippumatonta ja koskee niin vastamuuttaneita kuin vapaa-ajan asukkaita. Kyl\u00e4toiminta parhaimmillaan on hyv\u00e4 esimerkki paikallisdemokratiasta.<\/p>\n<p>Kyl\u00e4toiminta on usein toiminut aloitteena erilaisten yhteisten asioiden hoitoa kuten vesihuoltoa, j\u00e4tevesiasioita, nopeita datayhteyksi\u00e4, kyl\u00e4teiden hoitoa, talonmiestoimintaa talouksille ja kes\u00e4m\u00f6keille sek\u00e4 maisema- ett\u00e4 ymp\u00e4rist\u00f6n hoitoa koskevissa asioissa. Jotkut kyl\u00e4t ovat osallistuneet ymp\u00e4rist\u00f6n suunnitteluun yhdess\u00e4 viranomaisten kanssa tai j\u00e4rjest\u00e4neet vanhustenhuoltopalveluita. Yh\u00e4 useammat kunnat ovat my\u00f6nt\u00e4neet yleist\u00e4 toimintatukea kyl\u00e4toimintaan tai kyl\u00e4t ovat hy\u00f6dynt\u00e4neet erilaisten projektirahoitusten mahdollisuuksia, jotka ovat johtaneet konkreettisiin toimenpiteisiin kyl\u00e4yhteis\u00f6iss\u00e4.<\/p>\n<p>Kyl\u00e4suunnitelman 2005-2010 seurantaa ja p\u00e4ivityst\u00e4 varten on perustettu ty\u00f6ryhm\u00e4, joka tarvittaessa kutsuu koolle isomman kokouksen, johon voi osallistua kaikki kyl\u00e4l\u00e4iset riippumatta siit\u00e4, onko kyl\u00e4yhdistyksen j\u00e4sen.<\/p>\n<p>P\u00e4ivitetty kyl\u00e4suunnitelma 2005-2010 on loppusuoralla.<\/p>\n","protected":false},"excerpt":{"rendered":"<p>Kyl\u00e4suunnitelma on valmiiksi kirjoitettu teksti, joka kertoo miten omaa kyl\u00e4yhteis\u00f6\u00e4 voi kehitt\u00e4\u00e4. Se sis\u00e4lt\u00e4\u00e4 niin visioita kuin konkreettisia toimenpiteit\u00e4kin. Kyl\u00e4suunnitelmaan voi sis\u00e4lty\u00e4 kyl\u00e4n historiaa, katsaus kyl\u00e4n nykytilaan, kyl\u00e4n vahvuudet, resurssit, uhat, heikkoudet ja tulevaisuudenvisiot sek\u00e4 suunnitelmat niiden toteuttamiseksi. Kyl\u00e4toiminta on spontaania kehitystoimintaa kyl\u00e4n asukkaiden kesken ja sen tarkoitus on lis\u00e4t\u00e4 kyl\u00e4yhteis\u00f6n elinvoimaa, asukkaiden viihtyvyytt\u00e4 sek\u00e4 [&hellip;]<\/p>\n","protected":false},"author":28,"featured_media":0,"parent":0,"menu_order":0,"comment_status":"closed","ping_status":"closed","template":"","meta":{"footnotes":""},"class_list":["post-151","page","type-page","status-publish","hentry"],"_links":{"self":[{"href":"https:\/\/www.kopbacka.fi\/fi\/wp-json\/wp\/v2\/pages\/151","targetHints":{"allow":["GET"]}}],"collection":[{"href":"https:\/\/www.kopbacka.fi\/fi\/wp-json\/wp\/v2\/pages"}],"about":[{"href":"https:\/\/www.kopbacka.fi\/fi\/wp-json\/wp\/v2\/types\/page"}],"author":[{"embeddable":true,"href":"https:\/\/www.kopbacka.fi\/fi\/wp-json\/wp\/v2\/users\/28"}],"replies":[{"embeddable":true,"href":"https:\/\/www.kopbacka.fi\/fi\/wp-json\/wp\/v2\/comments?post=151"}],"version-history":[{"count":2,"href":"https:\/\/www.kopbacka.fi\/fi\/wp-json\/wp\/v2\/pages\/151\/revisions"}],"predecessor-version":[{"id":285,"href":"https:\/\/www.kopbacka.fi\/fi\/wp-json\/wp\/v2\/pages\/151\/revisions\/285"}],"wp:attachment":[{"href":"https:\/\/www.kopbacka.fi\/fi\/wp-json\/wp\/v2\/media?parent=151"}],"curies":[{"name":"wp","href":"https:\/\/api.w.org\/{rel}","templated":true}]}}