{"id":127,"date":"2014-09-22T11:21:37","date_gmt":"2014-09-22T08:21:37","guid":{"rendered":"http:\/\/www.itukylat.fi\/kopbacka\/?page_id=127"},"modified":"2014-10-14T10:29:42","modified_gmt":"2014-10-14T07:29:42","slug":"historia","status":"publish","type":"page","link":"https:\/\/www.kopbacka.fi\/fi\/historia\/","title":{"rendered":"Historia"},"content":{"rendered":"<div id=\"attachment_129\" style=\"width: 310px\" class=\"wp-caption alignright\"><img loading=\"lazy\" decoding=\"async\" aria-describedby=\"caption-attachment-129\" class=\"size-full wp-image-129\" src=\"https:\/\/www.kopbacka.fi\/wp-content\/uploads\/sites\/15\/2014\/09\/Gamla-foton.jpg\" alt=\"Suomen kalastus ja tynnyritehdas 1930-luvulla.\" width=\"300\" height=\"162\" data-id=\"129\" \/><p id=\"caption-attachment-129\" class=\"wp-caption-text\">Suomen kalastus ja tynnyritehdas 1930-luvulla.<\/p><\/div>\n<p>A.J. Hippingin kirjan \u2019Beskrifning \u00f6fver Pern\u00e5 socken\u2019 vuodelta 1817 sanoo mm. ett\u00e4 kylist\u00e4 Haravankyl\u00e4 ja K\u00f6pbacka nimettiin jo 1500-luvun alussa, koska niill\u00e4 on vuonna 1564 ollut rajakiista Sarvilahden kanssa. Voidaan olettaa, ett\u00e4 em. kyl\u00e4t ovat olleet olemassa paljon mainittua aikaisemmin. Haranvankyl\u00e4 oli maanviljelysseutua samalla kun K\u00f6pbacka on saanut nimens\u00e4 meren ja viljelysten v\u00e4liss\u00e4 olevana erinomaisen markkinapaikkana. Alueelle kasvoi v\u00e4hitellen sek\u00e4 teollisuutta ett\u00e4 laivaveist\u00e4m\u00f6toimintaa.<\/p>\n<h4><strong>Maatilat<\/strong><\/h4>\n<p>1900-luvulla K\u00f6pbackassa oli maatilat Hartikas, Skeppars ja Ers, ja Haravankyl\u00e4ss\u00e4 Jordas, Barsas, Mickos, Trumpetas, Husas, Bj\u00f6rklunds. T\u00e4n\u00e4 p\u00e4iv\u00e4n\u00e4 perinteisesti toimivia tiloja ei ole\u00a0en\u00e4\u00e4 j\u00e4ljell\u00e4, mutta tiloilla Trumpetas, Husas, Hartikas ja Bj\u00f6rklunds on yh\u00e4 toimintaa. Maatilan Trumpetas omistaa maanviljelij\u00e4 Lars-Johan Frond\u00e9n, mutta maatilalla asuvat h\u00e4nen vanhempansa Helge ja Margit Frond\u00e9n. Maatilojen Husas ja Hartikas pellot on annettu vuokraviljelij\u00e4lle. Maatilalla Bj\u00f6rklunds kasvattaa lihakarjaa.<\/p>\n<div id=\"attachment_130\" style=\"width: 310px\" class=\"wp-caption alignleft\"><img loading=\"lazy\" decoding=\"async\" aria-describedby=\"caption-attachment-130\" class=\"size-full wp-image-130\" src=\"https:\/\/www.kopbacka.fi\/wp-content\/uploads\/sites\/15\/2014\/09\/mies-ja-hevoset.jpg\" alt=\"Julius Lindroos, Svede \" width=\"300\" height=\"201\" data-id=\"130\" \/><p id=\"caption-attachment-130\" class=\"wp-caption-text\">Julius Lindroos, Svede<\/p><\/div>\n","protected":false},"excerpt":{"rendered":"<p>A.J. Hippingin kirjan \u2019Beskrifning \u00f6fver Pern\u00e5 socken\u2019 vuodelta 1817 sanoo mm. ett\u00e4 kylist\u00e4 Haravankyl\u00e4 ja K\u00f6pbacka nimettiin jo 1500-luvun alussa, koska niill\u00e4 on vuonna 1564 ollut rajakiista Sarvilahden kanssa. Voidaan olettaa, ett\u00e4 em. kyl\u00e4t ovat olleet olemassa paljon mainittua aikaisemmin. Haranvankyl\u00e4 oli maanviljelysseutua samalla kun K\u00f6pbacka on saanut nimens\u00e4 meren ja viljelysten v\u00e4liss\u00e4 olevana erinomaisen [&hellip;]<\/p>\n","protected":false},"author":28,"featured_media":0,"parent":0,"menu_order":0,"comment_status":"closed","ping_status":"closed","template":"","meta":{"footnotes":""},"class_list":["post-127","page","type-page","status-publish","hentry"],"_links":{"self":[{"href":"https:\/\/www.kopbacka.fi\/fi\/wp-json\/wp\/v2\/pages\/127","targetHints":{"allow":["GET"]}}],"collection":[{"href":"https:\/\/www.kopbacka.fi\/fi\/wp-json\/wp\/v2\/pages"}],"about":[{"href":"https:\/\/www.kopbacka.fi\/fi\/wp-json\/wp\/v2\/types\/page"}],"author":[{"embeddable":true,"href":"https:\/\/www.kopbacka.fi\/fi\/wp-json\/wp\/v2\/users\/28"}],"replies":[{"embeddable":true,"href":"https:\/\/www.kopbacka.fi\/fi\/wp-json\/wp\/v2\/comments?post=127"}],"version-history":[{"count":3,"href":"https:\/\/www.kopbacka.fi\/fi\/wp-json\/wp\/v2\/pages\/127\/revisions"}],"predecessor-version":[{"id":332,"href":"https:\/\/www.kopbacka.fi\/fi\/wp-json\/wp\/v2\/pages\/127\/revisions\/332"}],"wp:attachment":[{"href":"https:\/\/www.kopbacka.fi\/fi\/wp-json\/wp\/v2\/media?parent=127"}],"curies":[{"name":"wp","href":"https:\/\/api.w.org\/{rel}","templated":true}]}}