{"id":103,"date":"2014-09-22T10:42:01","date_gmt":"2014-09-22T07:42:01","guid":{"rendered":"http:\/\/www.itukylat.fi\/kopbacka\/?page_id=103"},"modified":"2026-03-01T20:45:37","modified_gmt":"2026-03-01T18:45:37","slug":"kylayhdistys","status":"publish","type":"page","link":"https:\/\/www.kopbacka.fi\/fi\/kylayhdistys\/","title":{"rendered":"Kyl\u00e4yhdistys"},"content":{"rendered":"<p data-start=\"234\" data-end=\"392\"><strong>Liity j\u00e4seneksi K\u00f6pbackan kyl\u00e4yhdistykseen!<\/strong><\/p>\n<p data-start=\"234\" data-end=\"392\">Haluatko olla mukana kehitt\u00e4m\u00e4ss\u00e4 ja el\u00e4v\u00f6itt\u00e4m\u00e4ss\u00e4 omaa kyl\u00e4\u00e4si? Kaikki ovat tervetulleita liittym\u00e4\u00e4n j\u00e4seneksi!<\/p>\n<p data-start=\"234\" data-end=\"392\">\ud83d\udc49 <strong data-start=\"359\" data-end=\"389\"><a href=\"https:\/\/www.kopbacka.fi\/wp-content\/uploads\/sites\/15\/2026\/03\/KKY_jasenhakemus_uusi.pdf\" target=\"_blank\" rel=\"noopener\">j\u00e4senhakemus<\/a> \u00a0<\/strong>(tulostettava)<\/p>\n<p data-start=\"394\" data-end=\"418\"><strong data-start=\"394\" data-end=\"416\">J\u00e4senmaksu ja edut<\/strong><\/p>\n<ul data-start=\"419\" data-end=\"626\">\n<li data-start=\"419\" data-end=\"491\">\n<p data-start=\"421\" data-end=\"491\">J\u00e4senmaksun suuruuden p\u00e4\u00e4tt\u00e4\u00e4 vuosittain kyl\u00e4yhdistyksen syyskokous.<\/p>\n<\/li>\n<li data-start=\"492\" data-end=\"535\">\n<p data-start=\"494\" data-end=\"535\">Vuonna 2025-2026 j\u00e4senmaksu on <strong data-start=\"520\" data-end=\"532\">15 euroa<\/strong>.<\/p>\n<\/li>\n<li data-start=\"536\" data-end=\"626\">\n<p data-start=\"538\" data-end=\"626\">J\u00e4senen\u00e4 saat <strong data-start=\"552\" data-end=\"584\">j\u00e4senkirjeen kerran vuodessa<\/strong> ja <strong data-start=\"588\" data-end=\"623\">alennusta Sm\u00e5skolan vuokrasta<\/strong>.<\/p>\n<\/li>\n<\/ul>\n<p data-start=\"628\" data-end=\"722\"><strong data-start=\"628\" data-end=\"652\">Osallistu toimintaan<\/strong><br data-start=\"652\" data-end=\"655\" \/>J\u00e4senen\u00e4 voit osallistua sinua kiinnostavan ty\u00f6ryhm\u00e4n toimintaan:<\/p>\n<ul data-start=\"723\" data-end=\"805\">\n<li data-start=\"723\" data-end=\"751\">\n<p data-start=\"725\" data-end=\"751\">talkoo-, tapahtuma- ja juhlaty\u00f6ryhm\u00e4<\/p>\n<\/li>\n<li data-start=\"752\" data-end=\"778\">\n<p data-start=\"754\" data-end=\"778\">lapsi- ja nuorisoryhm\u00e4<\/p>\n<\/li>\n<li data-start=\"779\" data-end=\"805\">\n<p data-start=\"781\" data-end=\"805\">kylien kehitt\u00e4misryhm\u00e4<\/p>\n<\/li>\n<\/ul>\n<p data-start=\"807\" data-end=\"905\">Lis\u00e4ksi yhdistyksen tiloissa kokoontuvat <strong data-start=\"848\" data-end=\"873\">naisten ryhm\u00e4 BigCill<\/strong> ja <strong data-start=\"877\" data-end=\"902\">miesten kerho OldBoys<\/strong>.<\/p>\n<p data-start=\"907\" data-end=\"979\"><strong data-start=\"907\" data-end=\"979\">Tule mukaan rakentamaan el\u00e4v\u00e4\u00e4 K\u00f6pbackaa \u2013 jokainen panos on t\u00e4rke\u00e4!<\/strong><\/p>\n<div id=\"attachment_562\" style=\"width: 1034px\" class=\"wp-caption aligncenter\"><a href=\"https:\/\/www.kopbacka.fi\/wp-content\/uploads\/sites\/15\/2014\/11\/Tjejtjusarna-v--rfesten-20121-e1417166596738.jpg\"><img loading=\"lazy\" decoding=\"async\" aria-describedby=\"caption-attachment-562\" class=\"size-large wp-image-562\" src=\"https:\/\/www.kopbacka.fi\/wp-content\/uploads\/sites\/15\/2014\/11\/Tjejtjusarna-v--rfesten-20121-1024x768.jpg\" alt=\"&quot;Tjejtjusarna&quot; kev\u00e4tjuhla 2012\" width=\"1024\" height=\"768\" \/><\/a><p id=\"caption-attachment-562\" class=\"wp-caption-text\">&#8221;Tjejtjusarna&#8221; kev\u00e4tjuhla 2012<\/p><\/div>\n","protected":false},"excerpt":{"rendered":"<p>Liity j\u00e4seneksi K\u00f6pbackan kyl\u00e4yhdistykseen! Haluatko olla mukana kehitt\u00e4m\u00e4ss\u00e4 ja el\u00e4v\u00f6itt\u00e4m\u00e4ss\u00e4 omaa kyl\u00e4\u00e4si? Kaikki ovat tervetulleita liittym\u00e4\u00e4n j\u00e4seneksi! \ud83d\udc49 j\u00e4senhakemus \u00a0(tulostettava) J\u00e4senmaksu ja edut J\u00e4senmaksun suuruuden p\u00e4\u00e4tt\u00e4\u00e4 vuosittain kyl\u00e4yhdistyksen syyskokous. Vuonna 2025-2026 j\u00e4senmaksu on 15 euroa. J\u00e4senen\u00e4 saat j\u00e4senkirjeen kerran vuodessa ja alennusta Sm\u00e5skolan vuokrasta. Osallistu toimintaanJ\u00e4senen\u00e4 voit osallistua sinua kiinnostavan ty\u00f6ryhm\u00e4n toimintaan: talkoo-, tapahtuma- ja [&hellip;]<\/p>\n","protected":false},"author":11,"featured_media":0,"parent":0,"menu_order":0,"comment_status":"closed","ping_status":"closed","template":"","meta":{"footnotes":""},"class_list":["post-103","page","type-page","status-publish","hentry"],"_links":{"self":[{"href":"https:\/\/www.kopbacka.fi\/fi\/wp-json\/wp\/v2\/pages\/103","targetHints":{"allow":["GET"]}}],"collection":[{"href":"https:\/\/www.kopbacka.fi\/fi\/wp-json\/wp\/v2\/pages"}],"about":[{"href":"https:\/\/www.kopbacka.fi\/fi\/wp-json\/wp\/v2\/types\/page"}],"author":[{"embeddable":true,"href":"https:\/\/www.kopbacka.fi\/fi\/wp-json\/wp\/v2\/users\/11"}],"replies":[{"embeddable":true,"href":"https:\/\/www.kopbacka.fi\/fi\/wp-json\/wp\/v2\/comments?post=103"}],"version-history":[{"count":31,"href":"https:\/\/www.kopbacka.fi\/fi\/wp-json\/wp\/v2\/pages\/103\/revisions"}],"predecessor-version":[{"id":3080,"href":"https:\/\/www.kopbacka.fi\/fi\/wp-json\/wp\/v2\/pages\/103\/revisions\/3080"}],"wp:attachment":[{"href":"https:\/\/www.kopbacka.fi\/fi\/wp-json\/wp\/v2\/media?parent=103"}],"curies":[{"name":"wp","href":"https:\/\/api.w.org\/{rel}","templated":true}]}}